{"id":10,"date":"2017-09-06T15:50:22","date_gmt":"2017-09-06T15:50:22","guid":{"rendered":"https:\/\/raphstylograph.wordpress.com\/?page_id=2"},"modified":"2020-09-04T22:09:42","modified_gmt":"2020-09-04T22:09:42","slug":"a-mon-sujet","status":"publish","type":"page","link":"https:\/\/raphstylograph.rparejo.eu\/?page_id=10","title":{"rendered":"\u00c0 mon sujet"},"content":{"rendered":"\t\t<div data-elementor-type=\"wp-page\" data-elementor-id=\"10\" class=\"elementor elementor-10\">\n\t\t\t\t\t\t<section class=\"elementor-section elementor-top-section elementor-element elementor-element-64a5769 elementor-section-boxed elementor-section-height-default elementor-section-height-default\" data-id=\"64a5769\" data-element_type=\"section\" data-e-type=\"section\">\n\t\t\t\t\t\t<div class=\"elementor-container elementor-column-gap-default\">\n\t\t\t\t\t<div class=\"elementor-column elementor-col-66 elementor-top-column elementor-element elementor-element-f80c305\" data-id=\"f80c305\" data-element_type=\"column\" data-e-type=\"column\">\n\t\t\t<div class=\"elementor-widget-wrap elementor-element-populated\">\n\t\t\t\t\t\t<div class=\"elementor-element elementor-element-245a2ca elementor-widget elementor-widget-text-editor\" data-id=\"245a2ca\" data-element_type=\"widget\" data-e-type=\"widget\" data-widget_type=\"text-editor.default\">\n\t\t\t\t<div class=\"elementor-widget-container\">\n\t\t\t\t\t\t\t\t\t<p><span style=\"font-size: 14pt;\">Il est toujours un peu difficile de se pr\u00e9senter, surtout lorsque, comme moi, on a eu une vie remplie, \u00e0 la fois v\u00e9cue comme une exploration permanente des rapports humains, des sentiments et des \u00e9motions, et comme un exp\u00e9rience cognitive permanente en menant de front \u2013 et depuis de nombreuses ann\u00e9es \u2013 de \u00a0multiples activit\u00e9s dans diff\u00e9rents domaines.<\/span><\/p><p>\u00a0<\/p>\t\t\t\t\t\t\t\t<\/div>\n\t\t\t\t<\/div>\n\t\t\t\t\t<\/div>\n\t\t<\/div>\n\t\t\t\t<div class=\"elementor-column elementor-col-33 elementor-top-column elementor-element elementor-element-d7959ca\" data-id=\"d7959ca\" data-element_type=\"column\" data-e-type=\"column\">\n\t\t\t<div class=\"elementor-widget-wrap\">\n\t\t\t\t\t\t\t<\/div>\n\t\t<\/div>\n\t\t\t\t\t<\/div>\n\t\t<\/section>\n\t\t\t\t<section class=\"elementor-section elementor-top-section elementor-element elementor-element-48aeacf elementor-section-boxed elementor-section-height-default elementor-section-height-default\" data-id=\"48aeacf\" data-element_type=\"section\" data-e-type=\"section\">\n\t\t\t\t\t\t<div class=\"elementor-container elementor-column-gap-default\">\n\t\t\t\t\t<div class=\"elementor-column elementor-col-100 elementor-top-column elementor-element elementor-element-28b4172\" data-id=\"28b4172\" data-element_type=\"column\" data-e-type=\"column\">\n\t\t\t<div class=\"elementor-widget-wrap elementor-element-populated\">\n\t\t\t\t\t\t<div class=\"elementor-element elementor-element-60e6b66 elementor-widget elementor-widget-heading\" data-id=\"60e6b66\" data-element_type=\"widget\" data-e-type=\"widget\" data-widget_type=\"heading.default\">\n\t\t\t\t<div class=\"elementor-widget-container\">\n\t\t\t\t\t<h2 class=\"elementor-heading-title elementor-size-default\">Origines<\/h2>\t\t\t\t<\/div>\n\t\t\t\t<\/div>\n\t\t\t\t\t<\/div>\n\t\t<\/div>\n\t\t\t\t\t<\/div>\n\t\t<\/section>\n\t\t\t\t<section class=\"elementor-section elementor-top-section elementor-element elementor-element-4a844d2e elementor-section-boxed elementor-section-height-default elementor-section-height-default\" data-id=\"4a844d2e\" data-element_type=\"section\" data-e-type=\"section\">\n\t\t\t\t\t\t<div class=\"elementor-container elementor-column-gap-default\">\n\t\t\t\t\t<div class=\"elementor-column elementor-col-100 elementor-top-column elementor-element elementor-element-87be0ca\" data-id=\"87be0ca\" data-element_type=\"column\" data-e-type=\"column\">\n\t\t\t<div class=\"elementor-widget-wrap elementor-element-populated\">\n\t\t\t\t\t\t<div class=\"elementor-element elementor-element-4d6ec990 elementor-widget elementor-widget-text-editor\" data-id=\"4d6ec990\" data-element_type=\"widget\" data-e-type=\"widget\" data-widget_type=\"text-editor.default\">\n\t\t\t\t<div class=\"elementor-widget-container\">\n\t\t\t\t\t\t\t\t\t<p style=\"text-align: justify;\"><span style=\"font-size: 12pt;\">Je suis n\u00e9 \u00e0 Saint-\u00c9tienne dans la Loire en 1952, au tout d\u00e9but de la seconde moiti\u00e9 du XX<sup>e<\/sup> si\u00e8cle et quelques ann\u00e9es apr\u00e8s la fin de la Seconde Guerre mondiale dont les effets se faisaient encore sentir durant ma petite enfance. Ma m\u00e8re est fran\u00e7aise du c\u00f4t\u00e9 paternel, autrichienne et tch\u00e8que du c\u00f4t\u00e9 maternel, et mon p\u00e8re, espagnol naturalis\u00e9 fran\u00e7ais, est n\u00e9 \u00e0 Fuengirola (M\u00e1laga).<\/span><\/p><p style=\"text-align: justify;\"><span style=\"font-size: 12pt;\">Mon p\u00e8re <\/span><span style=\"font-size: 12pt;\"><span style=\"font-size: 12pt;\">\u00e9tait encore petit enfant (5 ans) lorsque ses parents d\u00e9cid\u00e8rent de quitter l&rsquo;Andalousie pour s&rsquo;installer avec leurs enfants (deux filles et deux fils) dans le Nord de l&rsquo;Espagne, d&rsquo;abord en Navarre, puis en Gipuzkoa et finalement en Biscaye, o\u00f9 je r\u00e9side et travaille depuis l&rsquo;automne 2006. En Biscaye la famille s&rsquo;installa d&rsquo;abord \u00e0 Erandio (localit\u00e9 industrielle et rurale \u00e0 la fois), ensuite \u00e0 Santurtzi (Santurce) qui \u00e9tait \u00e0 l&rsquo;\u00e9poque un des plus grands ports sardiniers de la p\u00e9ninsule ib\u00e9rique<\/span>. Arriv\u00e9 tr\u00e8s jeune en Navarre basque c&rsquo;est tout naturellement qu&rsquo;il s&rsquo;est forg\u00e9 dans son enfance puis dans son adolescence et prime jeunesse une identit\u00e9 basque (culture et langue), tout en gardant en partie la culture familiale andalouse. <br \/><\/span><\/p>\t\t\t\t\t\t\t\t<\/div>\n\t\t\t\t<\/div>\n\t\t\t\t\t<\/div>\n\t\t<\/div>\n\t\t\t\t\t<\/div>\n\t\t<\/section>\n\t\t\t\t<section class=\"elementor-section elementor-top-section elementor-element elementor-element-fe56b22 elementor-section-boxed elementor-section-height-default elementor-section-height-default\" data-id=\"fe56b22\" data-element_type=\"section\" data-e-type=\"section\">\n\t\t\t\t\t\t<div class=\"elementor-container elementor-column-gap-default\">\n\t\t\t\t\t<div class=\"elementor-column elementor-col-100 elementor-top-column elementor-element elementor-element-4db7bfb\" data-id=\"4db7bfb\" data-element_type=\"column\" data-e-type=\"column\">\n\t\t\t<div class=\"elementor-widget-wrap elementor-element-populated\">\n\t\t\t\t\t\t<div class=\"elementor-element elementor-element-e2e4c06 elementor-widget elementor-widget-heading\" data-id=\"e2e4c06\" data-element_type=\"widget\" data-e-type=\"widget\" data-widget_type=\"heading.default\">\n\t\t\t\t<div class=\"elementor-widget-container\">\n\t\t\t\t\t<h2 class=\"elementor-heading-title elementor-size-default\">Petite enfance<\/h2>\t\t\t\t<\/div>\n\t\t\t\t<\/div>\n\t\t\t\t\t<\/div>\n\t\t<\/div>\n\t\t\t\t\t<\/div>\n\t\t<\/section>\n\t\t\t\t<section class=\"elementor-section elementor-top-section elementor-element elementor-element-532f46a elementor-section-boxed elementor-section-height-default elementor-section-height-default\" data-id=\"532f46a\" data-element_type=\"section\" data-e-type=\"section\">\n\t\t\t\t\t\t<div class=\"elementor-container elementor-column-gap-default\">\n\t\t\t\t\t<div class=\"elementor-column elementor-col-50 elementor-top-column elementor-element elementor-element-bea27fe\" data-id=\"bea27fe\" data-element_type=\"column\" data-e-type=\"column\">\n\t\t\t<div class=\"elementor-widget-wrap elementor-element-populated\">\n\t\t\t\t\t\t<div class=\"elementor-element elementor-element-c5faa5e elementor-widget elementor-widget-image\" data-id=\"c5faa5e\" data-element_type=\"widget\" data-e-type=\"widget\" data-widget_type=\"image.default\">\n\t\t\t\t<div class=\"elementor-widget-container\">\n\t\t\t\t\t\t\t\t\t\t\t\t\t\t\t<img decoding=\"async\" src=\"https:\/\/raphstylograph.rparejo.eu\/wp-content\/plugins\/elementor\/assets\/images\/placeholder.png\" title=\"\" alt=\"\" loading=\"lazy\" \/>\t\t\t\t\t\t\t\t\t\t\t\t\t\t\t<\/div>\n\t\t\t\t<\/div>\n\t\t\t\t\t<\/div>\n\t\t<\/div>\n\t\t\t\t<div class=\"elementor-column elementor-col-50 elementor-top-column elementor-element elementor-element-98e3f9f\" data-id=\"98e3f9f\" data-element_type=\"column\" data-e-type=\"column\">\n\t\t\t<div class=\"elementor-widget-wrap elementor-element-populated\">\n\t\t\t\t\t\t<div class=\"elementor-element elementor-element-c892f68 elementor-widget elementor-widget-text-editor\" data-id=\"c892f68\" data-element_type=\"widget\" data-e-type=\"widget\" data-widget_type=\"text-editor.default\">\n\t\t\t\t<div class=\"elementor-widget-container\">\n\t\t\t\t\t\t\t\t\t<p><span style=\"font-size: 12pt;\">J&rsquo;ai pass\u00e9 ma petite enfance dans le hameau rural de La Chataign\u00e8re (\u00e9crit sans accent circonflexe) pr\u00e8s de la localit\u00e9 mini\u00e8re de Terrenoire. J&rsquo;ai curieusement des souvenirs assez pr\u00e9cis concernant cette p\u00e9riode, des gens, des \u00e9v\u00e9nements marquants.<\/span><\/p>\t\t\t\t\t\t\t\t<\/div>\n\t\t\t\t<\/div>\n\t\t\t\t\t<\/div>\n\t\t<\/div>\n\t\t\t\t\t<\/div>\n\t\t<\/section>\n\t\t\t\t<section class=\"elementor-section elementor-top-section elementor-element elementor-element-6a85aee elementor-section-boxed elementor-section-height-default elementor-section-height-default\" data-id=\"6a85aee\" data-element_type=\"section\" data-e-type=\"section\">\n\t\t\t\t\t\t<div class=\"elementor-container elementor-column-gap-default\">\n\t\t\t\t\t<div class=\"elementor-column elementor-col-100 elementor-top-column elementor-element elementor-element-3780955\" data-id=\"3780955\" data-element_type=\"column\" data-e-type=\"column\">\n\t\t\t<div class=\"elementor-widget-wrap elementor-element-populated\">\n\t\t\t\t\t\t<div class=\"elementor-element elementor-element-4a31d09 elementor-widget elementor-widget-heading\" data-id=\"4a31d09\" data-element_type=\"widget\" data-e-type=\"widget\" data-widget_type=\"heading.default\">\n\t\t\t\t<div class=\"elementor-widget-container\">\n\t\t\t\t\t<h2 class=\"elementor-heading-title elementor-size-default\">Une enfance et adolescence dr\u00f4moises<\/h2>\t\t\t\t<\/div>\n\t\t\t\t<\/div>\n\t\t\t\t\t<\/div>\n\t\t<\/div>\n\t\t\t\t\t<\/div>\n\t\t<\/section>\n\t\t\t\t<\/div>\n\t\t","protected":false},"excerpt":{"rendered":"<p>This is just a short excerpt for the about&nbsp;page.<\/p>\n","protected":false},"author":2,"featured_media":0,"parent":0,"menu_order":1,"comment_status":"closed","ping_status":"closed","template":"elementor_header_footer","meta":{"footnotes":""},"class_list":["post-10","page","type-page","status-publish","hentry"],"yoast_head":"<!-- This site is optimized with the Yoast SEO plugin v27.5 - https:\/\/yoast.com\/product\/yoast-seo-wordpress\/ -->\n<title>\u00c0 mon sujet - L&#039;\u00e9critoire de Rapha\u00ebl<\/title>\n<meta name=\"robots\" content=\"index, follow, max-snippet:-1, max-image-preview:large, max-video-preview:-1\" \/>\n<link rel=\"canonical\" href=\"https:\/\/raphstylograph.rparejo.eu\/?page_id=10\" \/>\n<meta property=\"og:locale\" content=\"fr_FR\" \/>\n<meta property=\"og:type\" content=\"article\" \/>\n<meta property=\"og:title\" content=\"\u00c0 mon sujet - L&#039;\u00e9critoire de Rapha\u00ebl\" \/>\n<meta property=\"og:description\" content=\"This is just a short excerpt for the about&nbsp;page.\" \/>\n<meta property=\"og:url\" content=\"https:\/\/raphstylograph.rparejo.eu\/?page_id=10\" \/>\n<meta property=\"og:site_name\" content=\"L&#039;\u00e9critoire de Rapha\u00ebl\" \/>\n<meta property=\"article:modified_time\" content=\"2020-09-04T22:09:42+00:00\" \/>\n<meta property=\"og:image\" content=\"https:\/\/raphstylograph.rparejo.eu\/wp-content\/plugins\/elementor\/assets\/images\/placeholder.png\" \/>\n<meta name=\"twitter:card\" content=\"summary_large_image\" \/>\n<meta name=\"twitter:label1\" content=\"Dur\u00e9e de lecture estim\u00e9e\" \/>\n\t<meta name=\"twitter:data1\" content=\"2 minutes\" \/>\n<script type=\"application\/ld+json\" class=\"yoast-schema-graph\">{\"@context\":\"https:\\\/\\\/schema.org\",\"@graph\":[{\"@type\":\"WebPage\",\"@id\":\"https:\\\/\\\/raphstylograph.rparejo.eu\\\/?page_id=10\",\"url\":\"https:\\\/\\\/raphstylograph.rparejo.eu\\\/?page_id=10\",\"name\":\"\u00c0 mon sujet - L&#039;\u00e9critoire de Rapha\u00ebl\",\"isPartOf\":{\"@id\":\"https:\\\/\\\/raphstylograph.rparejo.eu\\\/#website\"},\"primaryImageOfPage\":{\"@id\":\"https:\\\/\\\/raphstylograph.rparejo.eu\\\/?page_id=10#primaryimage\"},\"image\":{\"@id\":\"https:\\\/\\\/raphstylograph.rparejo.eu\\\/?page_id=10#primaryimage\"},\"thumbnailUrl\":\"https:\\\/\\\/raphstylograph.rparejo.eu\\\/wp-content\\\/plugins\\\/elementor\\\/assets\\\/images\\\/placeholder.png\",\"datePublished\":\"2017-09-06T15:50:22+00:00\",\"dateModified\":\"2020-09-04T22:09:42+00:00\",\"breadcrumb\":{\"@id\":\"https:\\\/\\\/raphstylograph.rparejo.eu\\\/?page_id=10#breadcrumb\"},\"inLanguage\":\"fr-FR\",\"potentialAction\":[{\"@type\":\"ReadAction\",\"target\":[\"https:\\\/\\\/raphstylograph.rparejo.eu\\\/?page_id=10\"]}]},{\"@type\":\"ImageObject\",\"inLanguage\":\"fr-FR\",\"@id\":\"https:\\\/\\\/raphstylograph.rparejo.eu\\\/?page_id=10#primaryimage\",\"url\":\"https:\\\/\\\/raphstylograph.rparejo.eu\\\/wp-content\\\/plugins\\\/elementor\\\/assets\\\/images\\\/placeholder.png\",\"contentUrl\":\"https:\\\/\\\/raphstylograph.rparejo.eu\\\/wp-content\\\/plugins\\\/elementor\\\/assets\\\/images\\\/placeholder.png\"},{\"@type\":\"BreadcrumbList\",\"@id\":\"https:\\\/\\\/raphstylograph.rparejo.eu\\\/?page_id=10#breadcrumb\",\"itemListElement\":[{\"@type\":\"ListItem\",\"position\":1,\"name\":\"Accueil\",\"item\":\"https:\\\/\\\/raphstylograph.rparejo.eu\\\/\"},{\"@type\":\"ListItem\",\"position\":2,\"name\":\"\u00c0 mon sujet\"}]},{\"@type\":\"WebSite\",\"@id\":\"https:\\\/\\\/raphstylograph.rparejo.eu\\\/#website\",\"url\":\"https:\\\/\\\/raphstylograph.rparejo.eu\\\/\",\"name\":\"L&#039;\u00e9critoire de Rapha\u00ebl\",\"description\":\"Penser sans \u00e9crire, c&#039;est comme parler sans r\u00e9fl\u00e9chir\",\"potentialAction\":[{\"@type\":\"SearchAction\",\"target\":{\"@type\":\"EntryPoint\",\"urlTemplate\":\"https:\\\/\\\/raphstylograph.rparejo.eu\\\/?s={search_term_string}\"},\"query-input\":{\"@type\":\"PropertyValueSpecification\",\"valueRequired\":true,\"valueName\":\"search_term_string\"}}],\"inLanguage\":\"fr-FR\"}]}<\/script>\n<!-- \/ Yoast SEO plugin. -->","yoast_head_json":{"title":"\u00c0 mon sujet - L&#039;\u00e9critoire de Rapha\u00ebl","robots":{"index":"index","follow":"follow","max-snippet":"max-snippet:-1","max-image-preview":"max-image-preview:large","max-video-preview":"max-video-preview:-1"},"canonical":"https:\/\/raphstylograph.rparejo.eu\/?page_id=10","og_locale":"fr_FR","og_type":"article","og_title":"\u00c0 mon sujet - L&#039;\u00e9critoire de Rapha\u00ebl","og_description":"This is just a short excerpt for the about&nbsp;page.","og_url":"https:\/\/raphstylograph.rparejo.eu\/?page_id=10","og_site_name":"L&#039;\u00e9critoire de Rapha\u00ebl","article_modified_time":"2020-09-04T22:09:42+00:00","og_image":[{"url":"https:\/\/raphstylograph.rparejo.eu\/wp-content\/plugins\/elementor\/assets\/images\/placeholder.png","type":"","width":"","height":""}],"twitter_card":"summary_large_image","twitter_misc":{"Dur\u00e9e de lecture estim\u00e9e":"2 minutes"},"schema":{"@context":"https:\/\/schema.org","@graph":[{"@type":"WebPage","@id":"https:\/\/raphstylograph.rparejo.eu\/?page_id=10","url":"https:\/\/raphstylograph.rparejo.eu\/?page_id=10","name":"\u00c0 mon sujet - L&#039;\u00e9critoire de Rapha\u00ebl","isPartOf":{"@id":"https:\/\/raphstylograph.rparejo.eu\/#website"},"primaryImageOfPage":{"@id":"https:\/\/raphstylograph.rparejo.eu\/?page_id=10#primaryimage"},"image":{"@id":"https:\/\/raphstylograph.rparejo.eu\/?page_id=10#primaryimage"},"thumbnailUrl":"https:\/\/raphstylograph.rparejo.eu\/wp-content\/plugins\/elementor\/assets\/images\/placeholder.png","datePublished":"2017-09-06T15:50:22+00:00","dateModified":"2020-09-04T22:09:42+00:00","breadcrumb":{"@id":"https:\/\/raphstylograph.rparejo.eu\/?page_id=10#breadcrumb"},"inLanguage":"fr-FR","potentialAction":[{"@type":"ReadAction","target":["https:\/\/raphstylograph.rparejo.eu\/?page_id=10"]}]},{"@type":"ImageObject","inLanguage":"fr-FR","@id":"https:\/\/raphstylograph.rparejo.eu\/?page_id=10#primaryimage","url":"https:\/\/raphstylograph.rparejo.eu\/wp-content\/plugins\/elementor\/assets\/images\/placeholder.png","contentUrl":"https:\/\/raphstylograph.rparejo.eu\/wp-content\/plugins\/elementor\/assets\/images\/placeholder.png"},{"@type":"BreadcrumbList","@id":"https:\/\/raphstylograph.rparejo.eu\/?page_id=10#breadcrumb","itemListElement":[{"@type":"ListItem","position":1,"name":"Accueil","item":"https:\/\/raphstylograph.rparejo.eu\/"},{"@type":"ListItem","position":2,"name":"\u00c0 mon sujet"}]},{"@type":"WebSite","@id":"https:\/\/raphstylograph.rparejo.eu\/#website","url":"https:\/\/raphstylograph.rparejo.eu\/","name":"L&#039;\u00e9critoire de Rapha\u00ebl","description":"Penser sans \u00e9crire, c&#039;est comme parler sans r\u00e9fl\u00e9chir","potentialAction":[{"@type":"SearchAction","target":{"@type":"EntryPoint","urlTemplate":"https:\/\/raphstylograph.rparejo.eu\/?s={search_term_string}"},"query-input":{"@type":"PropertyValueSpecification","valueRequired":true,"valueName":"search_term_string"}}],"inLanguage":"fr-FR"}]}},"_links":{"self":[{"href":"https:\/\/raphstylograph.rparejo.eu\/index.php?rest_route=\/wp\/v2\/pages\/10","targetHints":{"allow":["GET"]}}],"collection":[{"href":"https:\/\/raphstylograph.rparejo.eu\/index.php?rest_route=\/wp\/v2\/pages"}],"about":[{"href":"https:\/\/raphstylograph.rparejo.eu\/index.php?rest_route=\/wp\/v2\/types\/page"}],"author":[{"embeddable":true,"href":"https:\/\/raphstylograph.rparejo.eu\/index.php?rest_route=\/wp\/v2\/users\/2"}],"replies":[{"embeddable":true,"href":"https:\/\/raphstylograph.rparejo.eu\/index.php?rest_route=%2Fwp%2Fv2%2Fcomments&post=10"}],"version-history":[{"count":6,"href":"https:\/\/raphstylograph.rparejo.eu\/index.php?rest_route=\/wp\/v2\/pages\/10\/revisions"}],"predecessor-version":[{"id":671,"href":"https:\/\/raphstylograph.rparejo.eu\/index.php?rest_route=\/wp\/v2\/pages\/10\/revisions\/671"}],"wp:attachment":[{"href":"https:\/\/raphstylograph.rparejo.eu\/index.php?rest_route=%2Fwp%2Fv2%2Fmedia&parent=10"}],"curies":[{"name":"wp","href":"https:\/\/api.w.org\/{rel}","templated":true}]}}