{"id":138,"date":"2017-10-23T00:58:46","date_gmt":"2017-10-22T22:58:46","guid":{"rendered":"https:\/\/raphstylograph.wordpress.com\/?page_id=138"},"modified":"2017-10-28T23:58:49","modified_gmt":"2017-10-28T23:58:49","slug":"sur-lecriture-scientifique","status":"publish","type":"page","link":"https:\/\/raphstylograph.rparejo.eu\/?page_id=138","title":{"rendered":"Sur l&rsquo;\u00e9criture scientifique"},"content":{"rendered":"<p><span style=\"font-size: 12pt;\">L&rsquo;\u00e9criture scientifique, que je pratique \u00e9galement, est un genre d&rsquo;\u00e9criture diff\u00e9rent de l&rsquo;\u00e9criture litt\u00e9raire ou po\u00e9tique, car elle met en jeu d&rsquo;autres cat\u00e9gories mentales. Je ne perle pas ici \u00ab d&rsquo;\u00e9crits \u00bb de formules math\u00e9matiques ou chimiques, mais de l&rsquo;\u00e9criture que je pratique qui est celle des sciences humaines. Si celui qui \u00e9crit en a les capacit\u00e9s, elle peut \u00eatre en m\u00eame temps une \u00e9criture litt\u00e9raire, mais elle se diff\u00e9rencie de la fiction ou de l&rsquo;essai sur de nombreux points.<\/span><\/p>\n","protected":false},"excerpt":{"rendered":"<p>L&rsquo;\u00e9criture scientifique, que je pratique \u00e9galement, est un genre d&rsquo;\u00e9criture diff\u00e9rent de l&rsquo;\u00e9criture litt\u00e9raire ou po\u00e9tique, car elle met en jeu d&rsquo;autres cat\u00e9gories mentales. Je ne perle pas ici \u00ab d&rsquo;\u00e9crits \u00bb de formules math\u00e9matiques ou chimiques, mais de l&rsquo;\u00e9criture que je pratique qui est celle des sciences humaines. Si celui qui \u00e9crit en a les capacit\u00e9s, elle peut \u00eatre en m\u00eame temps une \u00e9criture litt\u00e9raire, mais elle se diff\u00e9rencie &hellip;<\/p>\n","protected":false},"author":2,"featured_media":0,"parent":0,"menu_order":1,"comment_status":"closed","ping_status":"closed","template":"","meta":{"footnotes":""},"class_list":["post-138","page","type-page","status-publish","hentry"],"yoast_head":"<!-- This site is optimized with the Yoast SEO plugin v27.5 - https:\/\/yoast.com\/product\/yoast-seo-wordpress\/ -->\n<title>Sur l&#039;\u00e9criture scientifique - L&#039;\u00e9critoire de Rapha\u00ebl<\/title>\n<meta name=\"robots\" content=\"index, follow, max-snippet:-1, max-image-preview:large, max-video-preview:-1\" \/>\n<link rel=\"canonical\" href=\"https:\/\/raphstylograph.rparejo.eu\/?page_id=138\" \/>\n<meta property=\"og:locale\" content=\"fr_FR\" \/>\n<meta property=\"og:type\" content=\"article\" \/>\n<meta property=\"og:title\" content=\"Sur l&#039;\u00e9criture scientifique - L&#039;\u00e9critoire de Rapha\u00ebl\" \/>\n<meta property=\"og:description\" content=\"L&rsquo;\u00e9criture scientifique, que je pratique \u00e9galement, est un genre d&rsquo;\u00e9criture diff\u00e9rent de l&rsquo;\u00e9criture litt\u00e9raire ou po\u00e9tique, car elle met en jeu d&rsquo;autres cat\u00e9gories mentales. Je ne perle pas ici \u00ab d&rsquo;\u00e9crits \u00bb de formules math\u00e9matiques ou chimiques, mais de l&rsquo;\u00e9criture que je pratique qui est celle des sciences humaines. Si celui qui \u00e9crit en a les capacit\u00e9s, elle peut \u00eatre en m\u00eame temps une \u00e9criture litt\u00e9raire, mais elle se diff\u00e9rencie &hellip;\" \/>\n<meta property=\"og:url\" content=\"https:\/\/raphstylograph.rparejo.eu\/?page_id=138\" \/>\n<meta property=\"og:site_name\" content=\"L&#039;\u00e9critoire de Rapha\u00ebl\" \/>\n<meta property=\"article:modified_time\" content=\"2017-10-28T23:58:49+00:00\" \/>\n<meta name=\"twitter:card\" content=\"summary_large_image\" \/>\n<script type=\"application\/ld+json\" class=\"yoast-schema-graph\">{\"@context\":\"https:\\\/\\\/schema.org\",\"@graph\":[{\"@type\":\"WebPage\",\"@id\":\"https:\\\/\\\/raphstylograph.rparejo.eu\\\/?page_id=138\",\"url\":\"https:\\\/\\\/raphstylograph.rparejo.eu\\\/?page_id=138\",\"name\":\"Sur l'\u00e9criture scientifique - L&#039;\u00e9critoire de Rapha\u00ebl\",\"isPartOf\":{\"@id\":\"https:\\\/\\\/raphstylograph.rparejo.eu\\\/#website\"},\"datePublished\":\"2017-10-22T22:58:46+00:00\",\"dateModified\":\"2017-10-28T23:58:49+00:00\",\"breadcrumb\":{\"@id\":\"https:\\\/\\\/raphstylograph.rparejo.eu\\\/?page_id=138#breadcrumb\"},\"inLanguage\":\"fr-FR\",\"potentialAction\":[{\"@type\":\"ReadAction\",\"target\":[\"https:\\\/\\\/raphstylograph.rparejo.eu\\\/?page_id=138\"]}]},{\"@type\":\"BreadcrumbList\",\"@id\":\"https:\\\/\\\/raphstylograph.rparejo.eu\\\/?page_id=138#breadcrumb\",\"itemListElement\":[{\"@type\":\"ListItem\",\"position\":1,\"name\":\"Accueil\",\"item\":\"https:\\\/\\\/raphstylograph.rparejo.eu\\\/\"},{\"@type\":\"ListItem\",\"position\":2,\"name\":\"Sur l&rsquo;\u00e9criture scientifique\"}]},{\"@type\":\"WebSite\",\"@id\":\"https:\\\/\\\/raphstylograph.rparejo.eu\\\/#website\",\"url\":\"https:\\\/\\\/raphstylograph.rparejo.eu\\\/\",\"name\":\"L&#039;\u00e9critoire de Rapha\u00ebl\",\"description\":\"Penser sans \u00e9crire, c&#039;est comme parler sans r\u00e9fl\u00e9chir\",\"potentialAction\":[{\"@type\":\"SearchAction\",\"target\":{\"@type\":\"EntryPoint\",\"urlTemplate\":\"https:\\\/\\\/raphstylograph.rparejo.eu\\\/?s={search_term_string}\"},\"query-input\":{\"@type\":\"PropertyValueSpecification\",\"valueRequired\":true,\"valueName\":\"search_term_string\"}}],\"inLanguage\":\"fr-FR\"}]}<\/script>\n<!-- \/ Yoast SEO plugin. -->","yoast_head_json":{"title":"Sur l'\u00e9criture scientifique - L&#039;\u00e9critoire de Rapha\u00ebl","robots":{"index":"index","follow":"follow","max-snippet":"max-snippet:-1","max-image-preview":"max-image-preview:large","max-video-preview":"max-video-preview:-1"},"canonical":"https:\/\/raphstylograph.rparejo.eu\/?page_id=138","og_locale":"fr_FR","og_type":"article","og_title":"Sur l'\u00e9criture scientifique - L&#039;\u00e9critoire de Rapha\u00ebl","og_description":"L&rsquo;\u00e9criture scientifique, que je pratique \u00e9galement, est un genre d&rsquo;\u00e9criture diff\u00e9rent de l&rsquo;\u00e9criture litt\u00e9raire ou po\u00e9tique, car elle met en jeu d&rsquo;autres cat\u00e9gories mentales. Je ne perle pas ici \u00ab d&rsquo;\u00e9crits \u00bb de formules math\u00e9matiques ou chimiques, mais de l&rsquo;\u00e9criture que je pratique qui est celle des sciences humaines. Si celui qui \u00e9crit en a les capacit\u00e9s, elle peut \u00eatre en m\u00eame temps une \u00e9criture litt\u00e9raire, mais elle se diff\u00e9rencie &hellip;","og_url":"https:\/\/raphstylograph.rparejo.eu\/?page_id=138","og_site_name":"L&#039;\u00e9critoire de Rapha\u00ebl","article_modified_time":"2017-10-28T23:58:49+00:00","twitter_card":"summary_large_image","schema":{"@context":"https:\/\/schema.org","@graph":[{"@type":"WebPage","@id":"https:\/\/raphstylograph.rparejo.eu\/?page_id=138","url":"https:\/\/raphstylograph.rparejo.eu\/?page_id=138","name":"Sur l'\u00e9criture scientifique - L&#039;\u00e9critoire de Rapha\u00ebl","isPartOf":{"@id":"https:\/\/raphstylograph.rparejo.eu\/#website"},"datePublished":"2017-10-22T22:58:46+00:00","dateModified":"2017-10-28T23:58:49+00:00","breadcrumb":{"@id":"https:\/\/raphstylograph.rparejo.eu\/?page_id=138#breadcrumb"},"inLanguage":"fr-FR","potentialAction":[{"@type":"ReadAction","target":["https:\/\/raphstylograph.rparejo.eu\/?page_id=138"]}]},{"@type":"BreadcrumbList","@id":"https:\/\/raphstylograph.rparejo.eu\/?page_id=138#breadcrumb","itemListElement":[{"@type":"ListItem","position":1,"name":"Accueil","item":"https:\/\/raphstylograph.rparejo.eu\/"},{"@type":"ListItem","position":2,"name":"Sur l&rsquo;\u00e9criture scientifique"}]},{"@type":"WebSite","@id":"https:\/\/raphstylograph.rparejo.eu\/#website","url":"https:\/\/raphstylograph.rparejo.eu\/","name":"L&#039;\u00e9critoire de Rapha\u00ebl","description":"Penser sans \u00e9crire, c&#039;est comme parler sans r\u00e9fl\u00e9chir","potentialAction":[{"@type":"SearchAction","target":{"@type":"EntryPoint","urlTemplate":"https:\/\/raphstylograph.rparejo.eu\/?s={search_term_string}"},"query-input":{"@type":"PropertyValueSpecification","valueRequired":true,"valueName":"search_term_string"}}],"inLanguage":"fr-FR"}]}},"_links":{"self":[{"href":"https:\/\/raphstylograph.rparejo.eu\/index.php?rest_route=\/wp\/v2\/pages\/138","targetHints":{"allow":["GET"]}}],"collection":[{"href":"https:\/\/raphstylograph.rparejo.eu\/index.php?rest_route=\/wp\/v2\/pages"}],"about":[{"href":"https:\/\/raphstylograph.rparejo.eu\/index.php?rest_route=\/wp\/v2\/types\/page"}],"author":[{"embeddable":true,"href":"https:\/\/raphstylograph.rparejo.eu\/index.php?rest_route=\/wp\/v2\/users\/2"}],"replies":[{"embeddable":true,"href":"https:\/\/raphstylograph.rparejo.eu\/index.php?rest_route=%2Fwp%2Fv2%2Fcomments&post=138"}],"version-history":[{"count":2,"href":"https:\/\/raphstylograph.rparejo.eu\/index.php?rest_route=\/wp\/v2\/pages\/138\/revisions"}],"predecessor-version":[{"id":276,"href":"https:\/\/raphstylograph.rparejo.eu\/index.php?rest_route=\/wp\/v2\/pages\/138\/revisions\/276"}],"wp:attachment":[{"href":"https:\/\/raphstylograph.rparejo.eu\/index.php?rest_route=%2Fwp%2Fv2%2Fmedia&parent=138"}],"curies":[{"name":"wp","href":"https:\/\/api.w.org\/{rel}","templated":true}]}}