{"id":149,"date":"2017-10-23T01:07:44","date_gmt":"2017-10-22T23:07:44","guid":{"rendered":"https:\/\/raphstylograph.wordpress.com\/?page_id=149"},"modified":"2017-10-28T23:40:24","modified_gmt":"2017-10-28T23:40:24","slug":"lecriture-quelques-generalites","status":"publish","type":"page","link":"https:\/\/raphstylograph.rparejo.eu\/?page_id=149","title":{"rendered":"L&rsquo;\u00e9criture, quelques gen\u00e9ralit\u00e9s"},"content":{"rendered":"","protected":false},"excerpt":{"rendered":"","protected":false},"author":2,"featured_media":0,"parent":0,"menu_order":1,"comment_status":"closed","ping_status":"closed","template":"","meta":{"footnotes":""},"class_list":["post-149","page","type-page","status-publish","hentry"],"yoast_head":"<!-- This site is optimized with the Yoast SEO plugin v27.5 - https:\/\/yoast.com\/product\/yoast-seo-wordpress\/ -->\n<title>L&#039;\u00e9criture, quelques gen\u00e9ralit\u00e9s - L&#039;\u00e9critoire de Rapha\u00ebl<\/title>\n<meta name=\"robots\" content=\"index, follow, max-snippet:-1, max-image-preview:large, max-video-preview:-1\" \/>\n<link rel=\"canonical\" href=\"https:\/\/raphstylograph.rparejo.eu\/?page_id=149\" \/>\n<meta property=\"og:locale\" content=\"fr_FR\" \/>\n<meta property=\"og:type\" content=\"article\" \/>\n<meta property=\"og:title\" content=\"L&#039;\u00e9criture, quelques gen\u00e9ralit\u00e9s - L&#039;\u00e9critoire de Rapha\u00ebl\" \/>\n<meta property=\"og:url\" content=\"https:\/\/raphstylograph.rparejo.eu\/?page_id=149\" \/>\n<meta property=\"og:site_name\" content=\"L&#039;\u00e9critoire de Rapha\u00ebl\" \/>\n<meta property=\"article:modified_time\" content=\"2017-10-28T23:40:24+00:00\" \/>\n<meta name=\"twitter:card\" content=\"summary_large_image\" \/>\n<script type=\"application\/ld+json\" class=\"yoast-schema-graph\">{\"@context\":\"https:\\\/\\\/schema.org\",\"@graph\":[{\"@type\":\"WebPage\",\"@id\":\"https:\\\/\\\/raphstylograph.rparejo.eu\\\/?page_id=149\",\"url\":\"https:\\\/\\\/raphstylograph.rparejo.eu\\\/?page_id=149\",\"name\":\"L'\u00e9criture, quelques gen\u00e9ralit\u00e9s - L&#039;\u00e9critoire de Rapha\u00ebl\",\"isPartOf\":{\"@id\":\"https:\\\/\\\/raphstylograph.rparejo.eu\\\/#website\"},\"datePublished\":\"2017-10-22T23:07:44+00:00\",\"dateModified\":\"2017-10-28T23:40:24+00:00\",\"breadcrumb\":{\"@id\":\"https:\\\/\\\/raphstylograph.rparejo.eu\\\/?page_id=149#breadcrumb\"},\"inLanguage\":\"fr-FR\",\"potentialAction\":[{\"@type\":\"ReadAction\",\"target\":[\"https:\\\/\\\/raphstylograph.rparejo.eu\\\/?page_id=149\"]}]},{\"@type\":\"BreadcrumbList\",\"@id\":\"https:\\\/\\\/raphstylograph.rparejo.eu\\\/?page_id=149#breadcrumb\",\"itemListElement\":[{\"@type\":\"ListItem\",\"position\":1,\"name\":\"Accueil\",\"item\":\"https:\\\/\\\/raphstylograph.rparejo.eu\\\/\"},{\"@type\":\"ListItem\",\"position\":2,\"name\":\"L&rsquo;\u00e9criture, quelques gen\u00e9ralit\u00e9s\"}]},{\"@type\":\"WebSite\",\"@id\":\"https:\\\/\\\/raphstylograph.rparejo.eu\\\/#website\",\"url\":\"https:\\\/\\\/raphstylograph.rparejo.eu\\\/\",\"name\":\"L&#039;\u00e9critoire de Rapha\u00ebl\",\"description\":\"Penser sans \u00e9crire, c&#039;est comme parler sans r\u00e9fl\u00e9chir\",\"potentialAction\":[{\"@type\":\"SearchAction\",\"target\":{\"@type\":\"EntryPoint\",\"urlTemplate\":\"https:\\\/\\\/raphstylograph.rparejo.eu\\\/?s={search_term_string}\"},\"query-input\":{\"@type\":\"PropertyValueSpecification\",\"valueRequired\":true,\"valueName\":\"search_term_string\"}}],\"inLanguage\":\"fr-FR\"}]}<\/script>\n<!-- \/ Yoast SEO plugin. -->","yoast_head_json":{"title":"L'\u00e9criture, quelques gen\u00e9ralit\u00e9s - L&#039;\u00e9critoire de Rapha\u00ebl","robots":{"index":"index","follow":"follow","max-snippet":"max-snippet:-1","max-image-preview":"max-image-preview:large","max-video-preview":"max-video-preview:-1"},"canonical":"https:\/\/raphstylograph.rparejo.eu\/?page_id=149","og_locale":"fr_FR","og_type":"article","og_title":"L'\u00e9criture, quelques gen\u00e9ralit\u00e9s - L&#039;\u00e9critoire de Rapha\u00ebl","og_url":"https:\/\/raphstylograph.rparejo.eu\/?page_id=149","og_site_name":"L&#039;\u00e9critoire de Rapha\u00ebl","article_modified_time":"2017-10-28T23:40:24+00:00","twitter_card":"summary_large_image","schema":{"@context":"https:\/\/schema.org","@graph":[{"@type":"WebPage","@id":"https:\/\/raphstylograph.rparejo.eu\/?page_id=149","url":"https:\/\/raphstylograph.rparejo.eu\/?page_id=149","name":"L'\u00e9criture, quelques gen\u00e9ralit\u00e9s - L&#039;\u00e9critoire de Rapha\u00ebl","isPartOf":{"@id":"https:\/\/raphstylograph.rparejo.eu\/#website"},"datePublished":"2017-10-22T23:07:44+00:00","dateModified":"2017-10-28T23:40:24+00:00","breadcrumb":{"@id":"https:\/\/raphstylograph.rparejo.eu\/?page_id=149#breadcrumb"},"inLanguage":"fr-FR","potentialAction":[{"@type":"ReadAction","target":["https:\/\/raphstylograph.rparejo.eu\/?page_id=149"]}]},{"@type":"BreadcrumbList","@id":"https:\/\/raphstylograph.rparejo.eu\/?page_id=149#breadcrumb","itemListElement":[{"@type":"ListItem","position":1,"name":"Accueil","item":"https:\/\/raphstylograph.rparejo.eu\/"},{"@type":"ListItem","position":2,"name":"L&rsquo;\u00e9criture, quelques gen\u00e9ralit\u00e9s"}]},{"@type":"WebSite","@id":"https:\/\/raphstylograph.rparejo.eu\/#website","url":"https:\/\/raphstylograph.rparejo.eu\/","name":"L&#039;\u00e9critoire de Rapha\u00ebl","description":"Penser sans \u00e9crire, c&#039;est comme parler sans r\u00e9fl\u00e9chir","potentialAction":[{"@type":"SearchAction","target":{"@type":"EntryPoint","urlTemplate":"https:\/\/raphstylograph.rparejo.eu\/?s={search_term_string}"},"query-input":{"@type":"PropertyValueSpecification","valueRequired":true,"valueName":"search_term_string"}}],"inLanguage":"fr-FR"}]}},"_links":{"self":[{"href":"https:\/\/raphstylograph.rparejo.eu\/index.php?rest_route=\/wp\/v2\/pages\/149","targetHints":{"allow":["GET"]}}],"collection":[{"href":"https:\/\/raphstylograph.rparejo.eu\/index.php?rest_route=\/wp\/v2\/pages"}],"about":[{"href":"https:\/\/raphstylograph.rparejo.eu\/index.php?rest_route=\/wp\/v2\/types\/page"}],"author":[{"embeddable":true,"href":"https:\/\/raphstylograph.rparejo.eu\/index.php?rest_route=\/wp\/v2\/users\/2"}],"replies":[{"embeddable":true,"href":"https:\/\/raphstylograph.rparejo.eu\/index.php?rest_route=%2Fwp%2Fv2%2Fcomments&post=149"}],"version-history":[{"count":1,"href":"https:\/\/raphstylograph.rparejo.eu\/index.php?rest_route=\/wp\/v2\/pages\/149\/revisions"}],"predecessor-version":[{"id":266,"href":"https:\/\/raphstylograph.rparejo.eu\/index.php?rest_route=\/wp\/v2\/pages\/149\/revisions\/266"}],"wp:attachment":[{"href":"https:\/\/raphstylograph.rparejo.eu\/index.php?rest_route=%2Fwp%2Fv2%2Fmedia&parent=149"}],"curies":[{"name":"wp","href":"https:\/\/api.w.org\/{rel}","templated":true}]}}