{"id":152,"date":"2017-10-23T01:08:30","date_gmt":"2017-10-22T23:08:30","guid":{"rendered":"https:\/\/raphstylograph.wordpress.com\/?page_id=152"},"modified":"2017-10-29T00:28:53","modified_gmt":"2017-10-29T00:28:53","slug":"prendre-des-notes","status":"publish","type":"page","link":"https:\/\/raphstylograph.rparejo.eu\/?page_id=152","title":{"rendered":"Prendre des notes"},"content":{"rendered":"<p style=\"text-align: justify;\"><span style=\"font-size: 12pt;\">Le bloc-note d&rsquo;un \u00e9crivain, d&rsquo;un po\u00e8te ou d&rsquo;un auteur de chansons n&rsquo;est pas un journal o\u00f9 l&rsquo;on consigne moments marquants et \u00e9v\u00e9nements de sa vie, en tant d&rsquo;expliquer le sens de celle-ci ou de la mettre en valeur. Ce n&rsquo;est pas non plus le carnet de terrain du chercheur, ethnologue, ethnomusicologue ou sociologue, qui note de mani\u00e8re syst\u00e9matique ses observations sur un groupe social ou une communaut\u00e9 humaine.<\/span><\/p>\n<p style=\"text-align: justify;\"><span style=\"font-size: 12pt;\">C&rsquo;est l&rsquo;endroit o\u00f9 celui qui \u00e9crit note ses id\u00e9es, ses r\u00e9actions personnelles \u00e0 des \u00e9v\u00e9nements qui le touchent ou qu&rsquo;il observe (avec ou sans empathie), o\u00f9 il note aussi ce qui le heurte et le mets en col\u00e8re ou au contraire ce qui le touche et le rend soit triste ou heureux. Ce bloc-note, ou dans mon cas souvent un carnet de taille moyenne ou petite mais avec un bon nombre de pages (Moleskine quand je suis un peu fortun\u00e9), c&rsquo;est le support o\u00f9 l&rsquo;on fixe des id\u00e9es, des bribes de phrases, parfois des vers ou une strophe de chanson, en fait surtout ce que l&rsquo;on ne veut pas oublier.<\/span><\/p>\n","protected":false},"excerpt":{"rendered":"<p>Le bloc-note d&rsquo;un \u00e9crivain, d&rsquo;un po\u00e8te ou d&rsquo;un auteur de chansons n&rsquo;est pas un journal o\u00f9 l&rsquo;on consigne moments marquants et \u00e9v\u00e9nements de sa vie, en tant d&rsquo;expliquer le sens de celle-ci ou de la mettre en valeur. Ce n&rsquo;est pas non plus le carnet de terrain du chercheur, ethnologue, ethnomusicologue ou sociologue, qui note de mani\u00e8re syst\u00e9matique ses observations sur un groupe social ou une communaut\u00e9 humaine. C&rsquo;est l&rsquo;endroit &hellip;<\/p>\n","protected":false},"author":2,"featured_media":0,"parent":0,"menu_order":2,"comment_status":"closed","ping_status":"closed","template":"","meta":{"footnotes":""},"class_list":["post-152","page","type-page","status-publish","hentry"],"yoast_head":"<!-- This site is optimized with the Yoast SEO plugin v27.5 - https:\/\/yoast.com\/product\/yoast-seo-wordpress\/ -->\n<title>Prendre des notes - L&#039;\u00e9critoire de Rapha\u00ebl<\/title>\n<meta name=\"robots\" content=\"index, follow, max-snippet:-1, max-image-preview:large, max-video-preview:-1\" \/>\n<link rel=\"canonical\" href=\"https:\/\/raphstylograph.rparejo.eu\/?page_id=152\" \/>\n<meta property=\"og:locale\" content=\"fr_FR\" \/>\n<meta property=\"og:type\" content=\"article\" \/>\n<meta property=\"og:title\" content=\"Prendre des notes - L&#039;\u00e9critoire de Rapha\u00ebl\" \/>\n<meta property=\"og:description\" content=\"Le bloc-note d&rsquo;un \u00e9crivain, d&rsquo;un po\u00e8te ou d&rsquo;un auteur de chansons n&rsquo;est pas un journal o\u00f9 l&rsquo;on consigne moments marquants et \u00e9v\u00e9nements de sa vie, en tant d&rsquo;expliquer le sens de celle-ci ou de la mettre en valeur. Ce n&rsquo;est pas non plus le carnet de terrain du chercheur, ethnologue, ethnomusicologue ou sociologue, qui note de mani\u00e8re syst\u00e9matique ses observations sur un groupe social ou une communaut\u00e9 humaine. C&rsquo;est l&rsquo;endroit &hellip;\" \/>\n<meta property=\"og:url\" content=\"https:\/\/raphstylograph.rparejo.eu\/?page_id=152\" \/>\n<meta property=\"og:site_name\" content=\"L&#039;\u00e9critoire de Rapha\u00ebl\" \/>\n<meta property=\"article:modified_time\" content=\"2017-10-29T00:28:53+00:00\" \/>\n<meta name=\"twitter:card\" content=\"summary_large_image\" \/>\n<meta name=\"twitter:label1\" content=\"Dur\u00e9e de lecture estim\u00e9e\" \/>\n\t<meta name=\"twitter:data1\" content=\"1 minute\" \/>\n<script type=\"application\/ld+json\" class=\"yoast-schema-graph\">{\"@context\":\"https:\\\/\\\/schema.org\",\"@graph\":[{\"@type\":\"WebPage\",\"@id\":\"https:\\\/\\\/raphstylograph.rparejo.eu\\\/?page_id=152\",\"url\":\"https:\\\/\\\/raphstylograph.rparejo.eu\\\/?page_id=152\",\"name\":\"Prendre des notes - L&#039;\u00e9critoire de Rapha\u00ebl\",\"isPartOf\":{\"@id\":\"https:\\\/\\\/raphstylograph.rparejo.eu\\\/#website\"},\"datePublished\":\"2017-10-22T23:08:30+00:00\",\"dateModified\":\"2017-10-29T00:28:53+00:00\",\"breadcrumb\":{\"@id\":\"https:\\\/\\\/raphstylograph.rparejo.eu\\\/?page_id=152#breadcrumb\"},\"inLanguage\":\"fr-FR\",\"potentialAction\":[{\"@type\":\"ReadAction\",\"target\":[\"https:\\\/\\\/raphstylograph.rparejo.eu\\\/?page_id=152\"]}]},{\"@type\":\"BreadcrumbList\",\"@id\":\"https:\\\/\\\/raphstylograph.rparejo.eu\\\/?page_id=152#breadcrumb\",\"itemListElement\":[{\"@type\":\"ListItem\",\"position\":1,\"name\":\"Accueil\",\"item\":\"https:\\\/\\\/raphstylograph.rparejo.eu\\\/\"},{\"@type\":\"ListItem\",\"position\":2,\"name\":\"Prendre des notes\"}]},{\"@type\":\"WebSite\",\"@id\":\"https:\\\/\\\/raphstylograph.rparejo.eu\\\/#website\",\"url\":\"https:\\\/\\\/raphstylograph.rparejo.eu\\\/\",\"name\":\"L&#039;\u00e9critoire de Rapha\u00ebl\",\"description\":\"Penser sans \u00e9crire, c&#039;est comme parler sans r\u00e9fl\u00e9chir\",\"potentialAction\":[{\"@type\":\"SearchAction\",\"target\":{\"@type\":\"EntryPoint\",\"urlTemplate\":\"https:\\\/\\\/raphstylograph.rparejo.eu\\\/?s={search_term_string}\"},\"query-input\":{\"@type\":\"PropertyValueSpecification\",\"valueRequired\":true,\"valueName\":\"search_term_string\"}}],\"inLanguage\":\"fr-FR\"}]}<\/script>\n<!-- \/ Yoast SEO plugin. -->","yoast_head_json":{"title":"Prendre des notes - L&#039;\u00e9critoire de Rapha\u00ebl","robots":{"index":"index","follow":"follow","max-snippet":"max-snippet:-1","max-image-preview":"max-image-preview:large","max-video-preview":"max-video-preview:-1"},"canonical":"https:\/\/raphstylograph.rparejo.eu\/?page_id=152","og_locale":"fr_FR","og_type":"article","og_title":"Prendre des notes - L&#039;\u00e9critoire de Rapha\u00ebl","og_description":"Le bloc-note d&rsquo;un \u00e9crivain, d&rsquo;un po\u00e8te ou d&rsquo;un auteur de chansons n&rsquo;est pas un journal o\u00f9 l&rsquo;on consigne moments marquants et \u00e9v\u00e9nements de sa vie, en tant d&rsquo;expliquer le sens de celle-ci ou de la mettre en valeur. Ce n&rsquo;est pas non plus le carnet de terrain du chercheur, ethnologue, ethnomusicologue ou sociologue, qui note de mani\u00e8re syst\u00e9matique ses observations sur un groupe social ou une communaut\u00e9 humaine. C&rsquo;est l&rsquo;endroit &hellip;","og_url":"https:\/\/raphstylograph.rparejo.eu\/?page_id=152","og_site_name":"L&#039;\u00e9critoire de Rapha\u00ebl","article_modified_time":"2017-10-29T00:28:53+00:00","twitter_card":"summary_large_image","twitter_misc":{"Dur\u00e9e de lecture estim\u00e9e":"1 minute"},"schema":{"@context":"https:\/\/schema.org","@graph":[{"@type":"WebPage","@id":"https:\/\/raphstylograph.rparejo.eu\/?page_id=152","url":"https:\/\/raphstylograph.rparejo.eu\/?page_id=152","name":"Prendre des notes - L&#039;\u00e9critoire de Rapha\u00ebl","isPartOf":{"@id":"https:\/\/raphstylograph.rparejo.eu\/#website"},"datePublished":"2017-10-22T23:08:30+00:00","dateModified":"2017-10-29T00:28:53+00:00","breadcrumb":{"@id":"https:\/\/raphstylograph.rparejo.eu\/?page_id=152#breadcrumb"},"inLanguage":"fr-FR","potentialAction":[{"@type":"ReadAction","target":["https:\/\/raphstylograph.rparejo.eu\/?page_id=152"]}]},{"@type":"BreadcrumbList","@id":"https:\/\/raphstylograph.rparejo.eu\/?page_id=152#breadcrumb","itemListElement":[{"@type":"ListItem","position":1,"name":"Accueil","item":"https:\/\/raphstylograph.rparejo.eu\/"},{"@type":"ListItem","position":2,"name":"Prendre des notes"}]},{"@type":"WebSite","@id":"https:\/\/raphstylograph.rparejo.eu\/#website","url":"https:\/\/raphstylograph.rparejo.eu\/","name":"L&#039;\u00e9critoire de Rapha\u00ebl","description":"Penser sans \u00e9crire, c&#039;est comme parler sans r\u00e9fl\u00e9chir","potentialAction":[{"@type":"SearchAction","target":{"@type":"EntryPoint","urlTemplate":"https:\/\/raphstylograph.rparejo.eu\/?s={search_term_string}"},"query-input":{"@type":"PropertyValueSpecification","valueRequired":true,"valueName":"search_term_string"}}],"inLanguage":"fr-FR"}]}},"_links":{"self":[{"href":"https:\/\/raphstylograph.rparejo.eu\/index.php?rest_route=\/wp\/v2\/pages\/152","targetHints":{"allow":["GET"]}}],"collection":[{"href":"https:\/\/raphstylograph.rparejo.eu\/index.php?rest_route=\/wp\/v2\/pages"}],"about":[{"href":"https:\/\/raphstylograph.rparejo.eu\/index.php?rest_route=\/wp\/v2\/types\/page"}],"author":[{"embeddable":true,"href":"https:\/\/raphstylograph.rparejo.eu\/index.php?rest_route=\/wp\/v2\/users\/2"}],"replies":[{"embeddable":true,"href":"https:\/\/raphstylograph.rparejo.eu\/index.php?rest_route=%2Fwp%2Fv2%2Fcomments&post=152"}],"version-history":[{"count":3,"href":"https:\/\/raphstylograph.rparejo.eu\/index.php?rest_route=\/wp\/v2\/pages\/152\/revisions"}],"predecessor-version":[{"id":283,"href":"https:\/\/raphstylograph.rparejo.eu\/index.php?rest_route=\/wp\/v2\/pages\/152\/revisions\/283"}],"wp:attachment":[{"href":"https:\/\/raphstylograph.rparejo.eu\/index.php?rest_route=%2Fwp%2Fv2%2Fmedia&parent=152"}],"curies":[{"name":"wp","href":"https:\/\/api.w.org\/{rel}","templated":true}]}}