{"id":169,"date":"2017-10-23T02:00:04","date_gmt":"2017-10-23T00:00:04","guid":{"rendered":"https:\/\/raphstylograph.wordpress.com\/?page_id=169"},"modified":"2017-10-28T23:44:33","modified_gmt":"2017-10-28T23:44:33","slug":"lecriture-dune-chanson","status":"publish","type":"page","link":"https:\/\/raphstylograph.rparejo.eu\/?page_id=169","title":{"rendered":"\u00c9crire des chansons"},"content":{"rendered":"<h2>La chanson, un objet plus complexe qu&rsquo;il n&rsquo;y para\u00eet<\/h2>\n<p>La chanson n&rsquo;est pas un objet simple \u00e0 d\u00e9finir et \u00e0 \u00e9tudier, de par le fait qu&rsquo;elle m\u00eale intimement un texte, plus ou moins long et plus ou moins po\u00e9tique, \u00e0 une musique qui, dans le meilleur des cas, \u00e9pouse ce texte \u00e0 la perfection, et dans la majorit\u00e9 le supporte. C&rsquo;est cette particularit\u00e9 qui rend difficile l&rsquo;\u00e9criture de chansons.<\/p>\n<h3>La chanson en tant qu&rsquo;ultime bastion de la po\u00e9sie et de la tradition orale<\/h3>\n<p>La chanson semble \u00eatre devenue l&rsquo;ultime refuge de la po\u00e9sie depuis presqu&rsquo;un si\u00e8cle, ou tout du moins son vecteur principal pour atteindre un tr\u00e8s large public, ce que n&rsquo;a jamais \u00e9t\u00e9 l&rsquo;\u00e9dition imprim\u00e9e de po\u00e8mes. C&rsquo;est ce qu&rsquo;\u00e9crit d&rsquo;une autre mani\u00e8re Michel P. Schmitt,\u00a0professeur \u00e9m\u00e9rite de litt\u00e9rature fran\u00e7aise, dans l&rsquo;introduction de <a href=\"https:\/\/www.universalis.fr\/encyclopedie\/barbara\/\" target=\"_blank\" rel=\"noopener\">l&rsquo;article<\/a> qu&rsquo;il a r\u00e9dig\u00e9 sur la chanteuse Barbara pour l&rsquo;Encyclop\u00e9die Universalis:<\/p>\n<p class=\"p1\" style=\"padding-left: 30px;\"><em>Si la chanson est la seule forme cr\u00e9dible de po\u00e9sie depuis les ann\u00e9es 1920, ce n&rsquo;est pas parce qu&rsquo;elle fa\u00e7onne des chefs-d&rsquo;\u0153uvre dans les mat\u00e9riaux nobles, mais qu&rsquo;elle effleure les \u00e9motions juste avant qu&rsquo;elles ne s&rsquo;\u00e9vanouissent<\/em> .<\/p>\n<p class=\"p1\" style=\"padding-left: 60px;\"><span style=\"font-size: 10pt;\">Michel P. SCHMITT, \u00ab Barbara (1930-1997) \u00bb, <span class=\"s1\">Encyclop\u00e6dia Universalis <\/span>[en ligne], consult\u00e9 le 22 octobre 2017. URL : <a href=\"http:\/\/www.universalis.fr\/encyclopedie\/barbara\/\" target=\"_blank\" rel=\"noopener\">http:\/\/www.universalis.fr\/encyclopedie\/barbara\/<\/a><\/span><\/p>\n<p>Par ailleurs, comme le faisait remarquer justement Maxime Le Forestier dans un entretien dans l&rsquo;Express (27 mars 2003), \u00a0\u00ab la chanson, c\u2019est le dernier refuge de la tradition orale \u00bb.<\/p>\n<p>La cristallisation \u00e0 la fois de la po\u00e9sie et de la tradition orale actuelle dans la chanson est \u00e0 mon sens ce qui en fait la force et explique le grand impact que les chansons ont sur un tr\u00e8s vaste public, quelqu&rsquo;en soient les genres et styles.<\/p>\n<p>&nbsp;<\/p>\n","protected":false},"excerpt":{"rendered":"<p>La chanson, un objet plus complexe qu&rsquo;il n&rsquo;y para\u00eet La chanson n&rsquo;est pas un objet simple \u00e0 d\u00e9finir et \u00e0 \u00e9tudier, de par le fait qu&rsquo;elle m\u00eale intimement un texte, plus ou moins long et plus ou moins po\u00e9tique, \u00e0 une musique qui, dans le meilleur des cas, \u00e9pouse ce texte \u00e0 la perfection, et dans la majorit\u00e9 le supporte. C&rsquo;est cette particularit\u00e9 qui rend difficile l&rsquo;\u00e9criture de chansons. La &hellip;<\/p>\n","protected":false},"author":2,"featured_media":0,"parent":0,"menu_order":1,"comment_status":"closed","ping_status":"closed","template":"","meta":{"footnotes":""},"class_list":["post-169","page","type-page","status-publish","hentry"],"yoast_head":"<!-- This site is optimized with the Yoast SEO plugin v27.5 - https:\/\/yoast.com\/product\/yoast-seo-wordpress\/ -->\n<title>\u00c9crire des chansons - L&#039;\u00e9critoire de Rapha\u00ebl<\/title>\n<meta name=\"robots\" content=\"index, follow, max-snippet:-1, max-image-preview:large, max-video-preview:-1\" \/>\n<link rel=\"canonical\" href=\"https:\/\/raphstylograph.rparejo.eu\/?page_id=169\" \/>\n<meta property=\"og:locale\" content=\"fr_FR\" \/>\n<meta property=\"og:type\" content=\"article\" \/>\n<meta property=\"og:title\" content=\"\u00c9crire des chansons - L&#039;\u00e9critoire de Rapha\u00ebl\" \/>\n<meta property=\"og:description\" content=\"La chanson, un objet plus complexe qu&rsquo;il n&rsquo;y para\u00eet La chanson n&rsquo;est pas un objet simple \u00e0 d\u00e9finir et \u00e0 \u00e9tudier, de par le fait qu&rsquo;elle m\u00eale intimement un texte, plus ou moins long et plus ou moins po\u00e9tique, \u00e0 une musique qui, dans le meilleur des cas, \u00e9pouse ce texte \u00e0 la perfection, et dans la majorit\u00e9 le supporte. C&rsquo;est cette particularit\u00e9 qui rend difficile l&rsquo;\u00e9criture de chansons. La &hellip;\" \/>\n<meta property=\"og:url\" content=\"https:\/\/raphstylograph.rparejo.eu\/?page_id=169\" \/>\n<meta property=\"og:site_name\" content=\"L&#039;\u00e9critoire de Rapha\u00ebl\" \/>\n<meta property=\"article:modified_time\" content=\"2017-10-28T23:44:33+00:00\" \/>\n<meta name=\"twitter:card\" content=\"summary_large_image\" \/>\n<meta name=\"twitter:label1\" content=\"Dur\u00e9e de lecture estim\u00e9e\" \/>\n\t<meta name=\"twitter:data1\" content=\"1 minute\" \/>\n<script type=\"application\/ld+json\" class=\"yoast-schema-graph\">{\"@context\":\"https:\\\/\\\/schema.org\",\"@graph\":[{\"@type\":\"WebPage\",\"@id\":\"https:\\\/\\\/raphstylograph.rparejo.eu\\\/?page_id=169\",\"url\":\"https:\\\/\\\/raphstylograph.rparejo.eu\\\/?page_id=169\",\"name\":\"\u00c9crire des chansons - L&#039;\u00e9critoire de Rapha\u00ebl\",\"isPartOf\":{\"@id\":\"https:\\\/\\\/raphstylograph.rparejo.eu\\\/#website\"},\"datePublished\":\"2017-10-23T00:00:04+00:00\",\"dateModified\":\"2017-10-28T23:44:33+00:00\",\"breadcrumb\":{\"@id\":\"https:\\\/\\\/raphstylograph.rparejo.eu\\\/?page_id=169#breadcrumb\"},\"inLanguage\":\"fr-FR\",\"potentialAction\":[{\"@type\":\"ReadAction\",\"target\":[\"https:\\\/\\\/raphstylograph.rparejo.eu\\\/?page_id=169\"]}]},{\"@type\":\"BreadcrumbList\",\"@id\":\"https:\\\/\\\/raphstylograph.rparejo.eu\\\/?page_id=169#breadcrumb\",\"itemListElement\":[{\"@type\":\"ListItem\",\"position\":1,\"name\":\"Accueil\",\"item\":\"https:\\\/\\\/raphstylograph.rparejo.eu\\\/\"},{\"@type\":\"ListItem\",\"position\":2,\"name\":\"\u00c9crire des chansons\"}]},{\"@type\":\"WebSite\",\"@id\":\"https:\\\/\\\/raphstylograph.rparejo.eu\\\/#website\",\"url\":\"https:\\\/\\\/raphstylograph.rparejo.eu\\\/\",\"name\":\"L&#039;\u00e9critoire de Rapha\u00ebl\",\"description\":\"Penser sans \u00e9crire, c&#039;est comme parler sans r\u00e9fl\u00e9chir\",\"potentialAction\":[{\"@type\":\"SearchAction\",\"target\":{\"@type\":\"EntryPoint\",\"urlTemplate\":\"https:\\\/\\\/raphstylograph.rparejo.eu\\\/?s={search_term_string}\"},\"query-input\":{\"@type\":\"PropertyValueSpecification\",\"valueRequired\":true,\"valueName\":\"search_term_string\"}}],\"inLanguage\":\"fr-FR\"}]}<\/script>\n<!-- \/ Yoast SEO plugin. -->","yoast_head_json":{"title":"\u00c9crire des chansons - L&#039;\u00e9critoire de Rapha\u00ebl","robots":{"index":"index","follow":"follow","max-snippet":"max-snippet:-1","max-image-preview":"max-image-preview:large","max-video-preview":"max-video-preview:-1"},"canonical":"https:\/\/raphstylograph.rparejo.eu\/?page_id=169","og_locale":"fr_FR","og_type":"article","og_title":"\u00c9crire des chansons - L&#039;\u00e9critoire de Rapha\u00ebl","og_description":"La chanson, un objet plus complexe qu&rsquo;il n&rsquo;y para\u00eet La chanson n&rsquo;est pas un objet simple \u00e0 d\u00e9finir et \u00e0 \u00e9tudier, de par le fait qu&rsquo;elle m\u00eale intimement un texte, plus ou moins long et plus ou moins po\u00e9tique, \u00e0 une musique qui, dans le meilleur des cas, \u00e9pouse ce texte \u00e0 la perfection, et dans la majorit\u00e9 le supporte. C&rsquo;est cette particularit\u00e9 qui rend difficile l&rsquo;\u00e9criture de chansons. La &hellip;","og_url":"https:\/\/raphstylograph.rparejo.eu\/?page_id=169","og_site_name":"L&#039;\u00e9critoire de Rapha\u00ebl","article_modified_time":"2017-10-28T23:44:33+00:00","twitter_card":"summary_large_image","twitter_misc":{"Dur\u00e9e de lecture estim\u00e9e":"1 minute"},"schema":{"@context":"https:\/\/schema.org","@graph":[{"@type":"WebPage","@id":"https:\/\/raphstylograph.rparejo.eu\/?page_id=169","url":"https:\/\/raphstylograph.rparejo.eu\/?page_id=169","name":"\u00c9crire des chansons - L&#039;\u00e9critoire de Rapha\u00ebl","isPartOf":{"@id":"https:\/\/raphstylograph.rparejo.eu\/#website"},"datePublished":"2017-10-23T00:00:04+00:00","dateModified":"2017-10-28T23:44:33+00:00","breadcrumb":{"@id":"https:\/\/raphstylograph.rparejo.eu\/?page_id=169#breadcrumb"},"inLanguage":"fr-FR","potentialAction":[{"@type":"ReadAction","target":["https:\/\/raphstylograph.rparejo.eu\/?page_id=169"]}]},{"@type":"BreadcrumbList","@id":"https:\/\/raphstylograph.rparejo.eu\/?page_id=169#breadcrumb","itemListElement":[{"@type":"ListItem","position":1,"name":"Accueil","item":"https:\/\/raphstylograph.rparejo.eu\/"},{"@type":"ListItem","position":2,"name":"\u00c9crire des chansons"}]},{"@type":"WebSite","@id":"https:\/\/raphstylograph.rparejo.eu\/#website","url":"https:\/\/raphstylograph.rparejo.eu\/","name":"L&#039;\u00e9critoire de Rapha\u00ebl","description":"Penser sans \u00e9crire, c&#039;est comme parler sans r\u00e9fl\u00e9chir","potentialAction":[{"@type":"SearchAction","target":{"@type":"EntryPoint","urlTemplate":"https:\/\/raphstylograph.rparejo.eu\/?s={search_term_string}"},"query-input":{"@type":"PropertyValueSpecification","valueRequired":true,"valueName":"search_term_string"}}],"inLanguage":"fr-FR"}]}},"_links":{"self":[{"href":"https:\/\/raphstylograph.rparejo.eu\/index.php?rest_route=\/wp\/v2\/pages\/169","targetHints":{"allow":["GET"]}}],"collection":[{"href":"https:\/\/raphstylograph.rparejo.eu\/index.php?rest_route=\/wp\/v2\/pages"}],"about":[{"href":"https:\/\/raphstylograph.rparejo.eu\/index.php?rest_route=\/wp\/v2\/types\/page"}],"author":[{"embeddable":true,"href":"https:\/\/raphstylograph.rparejo.eu\/index.php?rest_route=\/wp\/v2\/users\/2"}],"replies":[{"embeddable":true,"href":"https:\/\/raphstylograph.rparejo.eu\/index.php?rest_route=%2Fwp%2Fv2%2Fcomments&post=169"}],"version-history":[{"count":4,"href":"https:\/\/raphstylograph.rparejo.eu\/index.php?rest_route=\/wp\/v2\/pages\/169\/revisions"}],"predecessor-version":[{"id":269,"href":"https:\/\/raphstylograph.rparejo.eu\/index.php?rest_route=\/wp\/v2\/pages\/169\/revisions\/269"}],"wp:attachment":[{"href":"https:\/\/raphstylograph.rparejo.eu\/index.php?rest_route=%2Fwp%2Fv2%2Fmedia&parent=169"}],"curies":[{"name":"wp","href":"https:\/\/api.w.org\/{rel}","templated":true}]}}