{"id":178,"date":"2017-10-23T02:32:29","date_gmt":"2017-10-23T00:32:29","guid":{"rendered":"https:\/\/raphstylograph.wordpress.com\/?page_id=178"},"modified":"2017-10-29T00:35:30","modified_gmt":"2017-10-29T00:35:30","slug":"quelques-exemples-de-textes-de-chansons","status":"publish","type":"page","link":"https:\/\/raphstylograph.rparejo.eu\/?page_id=178","title":{"rendered":"Quelques exemples de textes de chansons"},"content":{"rendered":"<p><span style=\"font-size: 12pt;\">Il semble int\u00e9ressant de donner quelques exemples diff\u00e9rents de paroles ou textes de chansons, afin que les lecteurs ou les lectrices qui se sont aventur\u00e9(e)s sur mon site se fasse une id\u00e9e plus directe de ce que j&rsquo;\u00e9cris au sujet de la chanson.<\/span><\/p>\n<p style=\"text-align: justify;\"><span style=\"font-size: 12pt;\">???<\/span><\/p>\n","protected":false},"excerpt":{"rendered":"<p>Il semble int\u00e9ressant de donner quelques exemples diff\u00e9rents de paroles ou textes de chansons, afin que les lecteurs ou les lectrices qui se sont aventur\u00e9(e)s sur mon site se fasse une id\u00e9e plus directe de ce que j&rsquo;\u00e9cris au sujet de la chanson. ???<\/p>\n","protected":false},"author":2,"featured_media":0,"parent":0,"menu_order":2,"comment_status":"closed","ping_status":"closed","template":"","meta":{"footnotes":""},"class_list":["post-178","page","type-page","status-publish","hentry"],"yoast_head":"<!-- This site is optimized with the Yoast SEO plugin v27.5 - https:\/\/yoast.com\/product\/yoast-seo-wordpress\/ -->\n<title>Quelques exemples de textes de chansons - L&#039;\u00e9critoire de Rapha\u00ebl<\/title>\n<meta name=\"robots\" content=\"index, follow, max-snippet:-1, max-image-preview:large, max-video-preview:-1\" \/>\n<link rel=\"canonical\" href=\"https:\/\/raphstylograph.rparejo.eu\/?page_id=178\" \/>\n<meta property=\"og:locale\" content=\"fr_FR\" \/>\n<meta property=\"og:type\" content=\"article\" \/>\n<meta property=\"og:title\" content=\"Quelques exemples de textes de chansons - L&#039;\u00e9critoire de Rapha\u00ebl\" \/>\n<meta property=\"og:description\" content=\"Il semble int\u00e9ressant de donner quelques exemples diff\u00e9rents de paroles ou textes de chansons, afin que les lecteurs ou les lectrices qui se sont aventur\u00e9(e)s sur mon site se fasse une id\u00e9e plus directe de ce que j&rsquo;\u00e9cris au sujet de la chanson. ???\" \/>\n<meta property=\"og:url\" content=\"https:\/\/raphstylograph.rparejo.eu\/?page_id=178\" \/>\n<meta property=\"og:site_name\" content=\"L&#039;\u00e9critoire de Rapha\u00ebl\" \/>\n<meta property=\"article:modified_time\" content=\"2017-10-29T00:35:30+00:00\" \/>\n<meta name=\"twitter:card\" content=\"summary_large_image\" \/>\n<script type=\"application\/ld+json\" class=\"yoast-schema-graph\">{\"@context\":\"https:\\\/\\\/schema.org\",\"@graph\":[{\"@type\":\"WebPage\",\"@id\":\"https:\\\/\\\/raphstylograph.rparejo.eu\\\/?page_id=178\",\"url\":\"https:\\\/\\\/raphstylograph.rparejo.eu\\\/?page_id=178\",\"name\":\"Quelques exemples de textes de chansons - L&#039;\u00e9critoire de Rapha\u00ebl\",\"isPartOf\":{\"@id\":\"https:\\\/\\\/raphstylograph.rparejo.eu\\\/#website\"},\"datePublished\":\"2017-10-23T00:32:29+00:00\",\"dateModified\":\"2017-10-29T00:35:30+00:00\",\"breadcrumb\":{\"@id\":\"https:\\\/\\\/raphstylograph.rparejo.eu\\\/?page_id=178#breadcrumb\"},\"inLanguage\":\"fr-FR\",\"potentialAction\":[{\"@type\":\"ReadAction\",\"target\":[\"https:\\\/\\\/raphstylograph.rparejo.eu\\\/?page_id=178\"]}]},{\"@type\":\"BreadcrumbList\",\"@id\":\"https:\\\/\\\/raphstylograph.rparejo.eu\\\/?page_id=178#breadcrumb\",\"itemListElement\":[{\"@type\":\"ListItem\",\"position\":1,\"name\":\"Accueil\",\"item\":\"https:\\\/\\\/raphstylograph.rparejo.eu\\\/\"},{\"@type\":\"ListItem\",\"position\":2,\"name\":\"Quelques exemples de textes de chansons\"}]},{\"@type\":\"WebSite\",\"@id\":\"https:\\\/\\\/raphstylograph.rparejo.eu\\\/#website\",\"url\":\"https:\\\/\\\/raphstylograph.rparejo.eu\\\/\",\"name\":\"L&#039;\u00e9critoire de Rapha\u00ebl\",\"description\":\"Penser sans \u00e9crire, c&#039;est comme parler sans r\u00e9fl\u00e9chir\",\"potentialAction\":[{\"@type\":\"SearchAction\",\"target\":{\"@type\":\"EntryPoint\",\"urlTemplate\":\"https:\\\/\\\/raphstylograph.rparejo.eu\\\/?s={search_term_string}\"},\"query-input\":{\"@type\":\"PropertyValueSpecification\",\"valueRequired\":true,\"valueName\":\"search_term_string\"}}],\"inLanguage\":\"fr-FR\"}]}<\/script>\n<!-- \/ Yoast SEO plugin. -->","yoast_head_json":{"title":"Quelques exemples de textes de chansons - L&#039;\u00e9critoire de Rapha\u00ebl","robots":{"index":"index","follow":"follow","max-snippet":"max-snippet:-1","max-image-preview":"max-image-preview:large","max-video-preview":"max-video-preview:-1"},"canonical":"https:\/\/raphstylograph.rparejo.eu\/?page_id=178","og_locale":"fr_FR","og_type":"article","og_title":"Quelques exemples de textes de chansons - L&#039;\u00e9critoire de Rapha\u00ebl","og_description":"Il semble int\u00e9ressant de donner quelques exemples diff\u00e9rents de paroles ou textes de chansons, afin que les lecteurs ou les lectrices qui se sont aventur\u00e9(e)s sur mon site se fasse une id\u00e9e plus directe de ce que j&rsquo;\u00e9cris au sujet de la chanson. ???","og_url":"https:\/\/raphstylograph.rparejo.eu\/?page_id=178","og_site_name":"L&#039;\u00e9critoire de Rapha\u00ebl","article_modified_time":"2017-10-29T00:35:30+00:00","twitter_card":"summary_large_image","schema":{"@context":"https:\/\/schema.org","@graph":[{"@type":"WebPage","@id":"https:\/\/raphstylograph.rparejo.eu\/?page_id=178","url":"https:\/\/raphstylograph.rparejo.eu\/?page_id=178","name":"Quelques exemples de textes de chansons - L&#039;\u00e9critoire de Rapha\u00ebl","isPartOf":{"@id":"https:\/\/raphstylograph.rparejo.eu\/#website"},"datePublished":"2017-10-23T00:32:29+00:00","dateModified":"2017-10-29T00:35:30+00:00","breadcrumb":{"@id":"https:\/\/raphstylograph.rparejo.eu\/?page_id=178#breadcrumb"},"inLanguage":"fr-FR","potentialAction":[{"@type":"ReadAction","target":["https:\/\/raphstylograph.rparejo.eu\/?page_id=178"]}]},{"@type":"BreadcrumbList","@id":"https:\/\/raphstylograph.rparejo.eu\/?page_id=178#breadcrumb","itemListElement":[{"@type":"ListItem","position":1,"name":"Accueil","item":"https:\/\/raphstylograph.rparejo.eu\/"},{"@type":"ListItem","position":2,"name":"Quelques exemples de textes de chansons"}]},{"@type":"WebSite","@id":"https:\/\/raphstylograph.rparejo.eu\/#website","url":"https:\/\/raphstylograph.rparejo.eu\/","name":"L&#039;\u00e9critoire de Rapha\u00ebl","description":"Penser sans \u00e9crire, c&#039;est comme parler sans r\u00e9fl\u00e9chir","potentialAction":[{"@type":"SearchAction","target":{"@type":"EntryPoint","urlTemplate":"https:\/\/raphstylograph.rparejo.eu\/?s={search_term_string}"},"query-input":{"@type":"PropertyValueSpecification","valueRequired":true,"valueName":"search_term_string"}}],"inLanguage":"fr-FR"}]}},"_links":{"self":[{"href":"https:\/\/raphstylograph.rparejo.eu\/index.php?rest_route=\/wp\/v2\/pages\/178","targetHints":{"allow":["GET"]}}],"collection":[{"href":"https:\/\/raphstylograph.rparejo.eu\/index.php?rest_route=\/wp\/v2\/pages"}],"about":[{"href":"https:\/\/raphstylograph.rparejo.eu\/index.php?rest_route=\/wp\/v2\/types\/page"}],"author":[{"embeddable":true,"href":"https:\/\/raphstylograph.rparejo.eu\/index.php?rest_route=\/wp\/v2\/users\/2"}],"replies":[{"embeddable":true,"href":"https:\/\/raphstylograph.rparejo.eu\/index.php?rest_route=%2Fwp%2Fv2%2Fcomments&post=178"}],"version-history":[{"count":3,"href":"https:\/\/raphstylograph.rparejo.eu\/index.php?rest_route=\/wp\/v2\/pages\/178\/revisions"}],"predecessor-version":[{"id":286,"href":"https:\/\/raphstylograph.rparejo.eu\/index.php?rest_route=\/wp\/v2\/pages\/178\/revisions\/286"}],"wp:attachment":[{"href":"https:\/\/raphstylograph.rparejo.eu\/index.php?rest_route=%2Fwp%2Fv2%2Fmedia&parent=178"}],"curies":[{"name":"wp","href":"https:\/\/api.w.org\/{rel}","templated":true}]}}