{"id":445,"date":"2018-07-31T22:10:00","date_gmt":"2018-07-31T22:10:00","guid":{"rendered":"http:\/\/raphstylograph.rparejo.eu\/?page_id=445"},"modified":"2018-08-08T10:17:12","modified_gmt":"2018-08-08T10:17:12","slug":"ria-de-bilbao","status":"publish","type":"page","link":"https:\/\/raphstylograph.rparejo.eu\/?page_id=445","title":{"rendered":"Ria de Bilbao"},"content":{"rendered":"\t\t<div data-elementor-type=\"wp-post\" data-elementor-id=\"445\" class=\"elementor elementor-445 elementor-bc-flex-widget\">\n\t\t\t\t\t\t<section class=\"elementor-section elementor-top-section elementor-element elementor-element-e26e6c0 elementor-section-full_width elementor-section-height-default elementor-section-height-default\" data-id=\"e26e6c0\" data-element_type=\"section\" data-e-type=\"section\">\n\t\t\t\t\t\t<div class=\"elementor-container elementor-column-gap-default\">\n\t\t\t\t\t<div class=\"elementor-column elementor-col-100 elementor-top-column elementor-element elementor-element-5c1b482\" data-id=\"5c1b482\" data-element_type=\"column\" data-e-type=\"column\">\n\t\t\t<div class=\"elementor-widget-wrap elementor-element-populated\">\n\t\t\t\t\t\t<div class=\"elementor-element elementor-element-ebf93dd elementor-widget elementor-widget-image\" data-id=\"ebf93dd\" data-element_type=\"widget\" data-e-type=\"widget\" data-widget_type=\"image.default\">\n\t\t\t\t<div class=\"elementor-widget-container\">\n\t\t\t\t\t\t\t\t\t\t\t\t<figure class=\"wp-caption\">\n\t\t\t\t\t\t\t\t\t\t<img fetchpriority=\"high\" decoding=\"async\" width=\"1024\" height=\"538\" src=\"https:\/\/raphstylograph.rparejo.eu\/wp-content\/uploads\/2018\/08\/Altos-Hornos-de-Bizkaia-1200x630pxl-1-1024x538.png\" class=\"attachment-large size-large wp-image-468\" alt=\"\" srcset=\"https:\/\/raphstylograph.rparejo.eu\/wp-content\/uploads\/2018\/08\/Altos-Hornos-de-Bizkaia-1200x630pxl-1-1024x538.png 1024w, https:\/\/raphstylograph.rparejo.eu\/wp-content\/uploads\/2018\/08\/Altos-Hornos-de-Bizkaia-1200x630pxl-1-300x158.png 300w, https:\/\/raphstylograph.rparejo.eu\/wp-content\/uploads\/2018\/08\/Altos-Hornos-de-Bizkaia-1200x630pxl-1-768x403.png 768w, https:\/\/raphstylograph.rparejo.eu\/wp-content\/uploads\/2018\/08\/Altos-Hornos-de-Bizkaia-1200x630pxl-1-564x296.png 564w, https:\/\/raphstylograph.rparejo.eu\/wp-content\/uploads\/2018\/08\/Altos-Hornos-de-Bizkaia-1200x630pxl-1-459x241.png 459w, https:\/\/raphstylograph.rparejo.eu\/wp-content\/uploads\/2018\/08\/Altos-Hornos-de-Bizkaia-1200x630pxl-1-734x385.png 734w, https:\/\/raphstylograph.rparejo.eu\/wp-content\/uploads\/2018\/08\/Altos-Hornos-de-Bizkaia-1200x630pxl-1.png 1200w\" sizes=\"(max-width: 1024px) 100vw, 1024px\" \/>\t\t\t\t\t\t\t\t\t\t\t<figcaption class=\"widget-image-caption wp-caption-text\">Altos Hornos de Bizkaia<\/figcaption>\n\t\t\t\t\t\t\t\t\t\t<\/figure>\n\t\t\t\t\t\t\t\t\t<\/div>\n\t\t\t\t<\/div>\n\t\t\t\t<div class=\"elementor-element elementor-element-6b18edc elementor-widget elementor-widget-heading\" data-id=\"6b18edc\" data-element_type=\"widget\" data-e-type=\"widget\" data-widget_type=\"heading.default\">\n\t\t\t\t<div class=\"elementor-widget-container\">\n\t\t\t\t\t<h2 class=\"elementor-heading-title elementor-size-default\">Ria de Bilbao<\/h2>\t\t\t\t<\/div>\n\t\t\t\t<\/div>\n\t\t\t\t\t<\/div>\n\t\t<\/div>\n\t\t\t\t\t<\/div>\n\t\t<\/section>\n\t\t\t\t<section class=\"elementor-section elementor-top-section elementor-element elementor-element-f7d9f23 elementor-section-boxed elementor-section-height-default elementor-section-height-default\" data-id=\"f7d9f23\" data-element_type=\"section\" data-e-type=\"section\">\n\t\t\t\t\t\t<div class=\"elementor-container elementor-column-gap-default\">\n\t\t\t\t\t<div class=\"elementor-column elementor-col-100 elementor-top-column elementor-element elementor-element-ec9feef\" data-id=\"ec9feef\" data-element_type=\"column\" data-e-type=\"column\">\n\t\t\t<div class=\"elementor-widget-wrap elementor-element-populated\">\n\t\t\t\t\t\t<div class=\"elementor-element elementor-element-e84153d elementor-widget elementor-widget-text-editor\" data-id=\"e84153d\" data-element_type=\"widget\" data-e-type=\"widget\" data-widget_type=\"text-editor.default\">\n\t\t\t\t<div class=\"elementor-widget-container\">\n\t\t\t\t\t\t\t\t\t<p>Ce texte en prose a \u00e9t\u00e9 \u00e9crit lors d&rsquo;une de mes premiers retours en Biscaye, pays de la jeunesse de mon p\u00e8re, apr\u00e8s de longues ann\u00e9es d&rsquo;absence. Apr\u00e8s plus de dix ann\u00e9es pass\u00e9es \u00e0 voyager pour mes travaux d&rsquo;ethnomusicologue en Am\u00e9rique du Sud, je revenais donc en Biscaye, en plaine crise de la m\u00e9tallurgie lourde.<\/p>\t\t\t\t\t\t\t\t<\/div>\n\t\t\t\t<\/div>\n\t\t\t\t\t<\/div>\n\t\t<\/div>\n\t\t\t\t\t<\/div>\n\t\t<\/section>\n\t\t\t\t<section class=\"elementor-section elementor-top-section elementor-element elementor-element-0c04417 elementor-section-boxed elementor-section-height-default elementor-section-height-default\" data-id=\"0c04417\" data-element_type=\"section\" data-e-type=\"section\">\n\t\t\t\t\t\t<div class=\"elementor-container elementor-column-gap-default\">\n\t\t\t\t\t<div class=\"elementor-column elementor-col-100 elementor-top-column elementor-element elementor-element-cc49382\" data-id=\"cc49382\" data-element_type=\"column\" data-e-type=\"column\">\n\t\t\t<div class=\"elementor-widget-wrap elementor-element-populated\">\n\t\t\t\t\t\t<div class=\"elementor-element elementor-element-069997a elementor-drop-cap-yes elementor-drop-cap-view-default elementor-widget elementor-widget-text-editor\" data-id=\"069997a\" data-element_type=\"widget\" data-e-type=\"widget\" data-settings=\"{&quot;drop_cap&quot;:&quot;yes&quot;}\" data-widget_type=\"text-editor.default\">\n\t\t\t\t<div class=\"elementor-widget-container\">\n\t\t\t\t\t\t\t\t\t<p><span style=\"color: #ffffff; font-size: 12pt;\">Dans ces villes du Nord sous des ciels de m\u00e2chefer, je remarcherai sans h\u00e2te. Mes mains broieront des tours d\u2019acier.<\/span><\/p><p><span style=\"color: #ffffff; font-size: 12pt;\">Ici, les haut-fourneaux d\u00e9gorgeaient leurs m\u00e9taux en fusion. La fournaise du soir au couchant d\u00e9verse le trop-plein de ses ors liquides sur un sol de scories et d\u2019orties. Ici, c\u2019\u00e9tait l\u2019enfer d\u2019artifice des banlieues tristes trou\u00e9es de ces vastes no man\u2019s land bossel\u00e9s. Dans les creux aux pieds des glissements de glaise des mares troubles refl\u00e9taient un faux ciel de cendres, et le visage d\u2019un ouvrier pench\u00e9.<\/span><\/p><p><span style=\"color: #ffffff; font-size: 12pt;\">Ici, les gueules puantes des usines vomissaient des ouvriers hirsutes aux yeux rougis. Ah, les cohortes bruyantes du prol\u00e9tariat ! Des crachats \u00e9toilaient le pav\u00e9.<\/span><\/p><p><span style=\"color: #ffffff; font-size: 12pt;\">J\u2019ai rompu l\u2019amarre des jours et je vogue remorquant apr\u00e8s moi le banc des souvenirs fam\u00e9liques.<\/span><\/p><p style=\"padding-left: 90px;\"><em><span style=\"color: #ffffff; font-size: 12pt;\">Je reviens, Ria de Bilbao !<\/span><\/em><\/p><p><span style=\"color: #ffffff; font-size: 12pt;\">Barakaldo, Portugalete et Santurtzi et sa Rue des vignes ! Erandio et sa Mitxelena Kalea o\u00f9 a v\u00e9cu mon p\u00e8re.<\/span><\/p><p style=\"padding-left: 90px;\"><em><span style=\"color: #ffffff; font-size: 12pt;\">\u2014 Non da Aita? Nor bizi da emen?<\/span><\/em><\/p><p style=\"padding-left: 90px;\"><span style=\"color: #ffffff; font-size: 12pt;\"><em>\u2014 Hemen ez da inor bizi! Hiltzea eta ahantzkortasuna<\/em>.<\/span><\/p><p><span style=\"color: #ffffff; font-size: 12pt;\">Au cr\u00e9puscule, derniers bastions de lumi\u00e8re, les tavernes \u00e9claboussent les rues de leurs n\u00e9ons. Le rioja et le txakoli flattent les gosiers et d\u00e9lient les langues. Quelque part des voix \u00e9raill\u00e9es entonnent l\u2019<em>Eusko gudariak.<\/em><\/span><\/p><p><span style=\"color: #ffffff; font-size: 12pt;\">Et moi, la nuit venue j\u2019ai la nudit\u00e9 des crimes quand tra\u00eenant ma nostalgie j\u2019embo\u00eete le pas de la petite ouvri\u00e8re. Sous sa robe l\u00e9g\u00e8re s\u2019entrouvrent des ab\u00eemes d\u2019oubli.<\/span><\/p><p style=\"padding-left: 90px;\"><em><span style=\"color: #ffffff; font-size: 12pt;\">Erandio, Barakaldo ! Portugalete eta Santurtzi !<\/span><\/em><\/p><p><span style=\"color: #ffffff; font-size: 12pt;\">C\u2019est le d\u00e9dale des rues muettes, des usines vides aux vitres bris\u00e9es. Amas de poutrelles, m\u00e9tal mort aval\u00e9 par la rouille, collines de ferrailles tordues, monstres sans entrailles flottant sur le Nervi\u00f3n.<\/span><\/p><p><span style=\"color: #ffffff; font-size: 12pt;\">Un \u00e9clat m\u2019entaille le bras et le blanc de ma chemise s\u2019\u00e9toile de rouge sous la morsure. Tout est mort. Mais sous les cendres sommeille une braise.<\/span><\/p><p><span style=\"color: #ffffff; font-size: 12pt;\">Un jour viendront des g\u00e9ants m\u00e9caniques qui bouteront le feu aux boutiques, \u00e9craseront les briques. Il y aura des lueurs d\u2019incendies et la lune sanglante sombrera dans la mer.<\/span><\/p><p style=\"padding-left: 90px;\"><em><span style=\"color: #ffffff; font-size: 12pt;\">Erandio\u00a0! Barakaldo ! Portugalete eta Santurtzi !<\/span><\/em><\/p><p><span style=\"color: #ffffff; font-size: 12pt;\">Je reviens au pays !<\/span><\/p>\t\t\t\t\t\t\t\t<\/div>\n\t\t\t\t<\/div>\n\t\t\t\t\t<\/div>\n\t\t<\/div>\n\t\t\t\t\t<\/div>\n\t\t<\/section>\n\t\t\t\t<\/div>\n\t\t","protected":false},"excerpt":{"rendered":"<p>Altos Hornos de Bizkaia Ria de Bilbao Ce texte en prose a \u00e9t\u00e9 \u00e9crit lors d&rsquo;une de mes premiers retours en Biscaye, pays de la jeunesse de mon p\u00e8re, apr\u00e8s de longues ann\u00e9es d&rsquo;absence. Apr\u00e8s plus de dix ann\u00e9es pass\u00e9es \u00e0 voyager pour mes travaux d&rsquo;ethnomusicologue en Am\u00e9rique du Sud, je revenais donc en Biscaye, en plaine crise de la m\u00e9tallurgie lourde. Dans ces villes du Nord sous des ciels &hellip;<\/p>\n","protected":false},"author":1,"featured_media":0,"parent":0,"menu_order":3,"comment_status":"closed","ping_status":"closed","template":"","meta":{"footnotes":""},"class_list":["post-445","page","type-page","status-publish","hentry"],"yoast_head":"<!-- This site is optimized with the Yoast SEO plugin v27.5 - https:\/\/yoast.com\/product\/yoast-seo-wordpress\/ -->\n<title>Ria de Bilbao - L&#039;\u00e9critoire de Rapha\u00ebl<\/title>\n<meta name=\"robots\" content=\"index, follow, max-snippet:-1, max-image-preview:large, max-video-preview:-1\" \/>\n<link rel=\"canonical\" href=\"https:\/\/raphstylograph.rparejo.eu\/?page_id=445\" \/>\n<meta property=\"og:locale\" content=\"fr_FR\" \/>\n<meta property=\"og:type\" content=\"article\" \/>\n<meta property=\"og:title\" content=\"Ria de Bilbao - L&#039;\u00e9critoire de Rapha\u00ebl\" \/>\n<meta property=\"og:description\" content=\"Altos Hornos de Bizkaia Ria de Bilbao Ce texte en prose a \u00e9t\u00e9 \u00e9crit lors d&rsquo;une de mes premiers retours en Biscaye, pays de la jeunesse de mon p\u00e8re, apr\u00e8s de longues ann\u00e9es d&rsquo;absence. Apr\u00e8s plus de dix ann\u00e9es pass\u00e9es \u00e0 voyager pour mes travaux d&rsquo;ethnomusicologue en Am\u00e9rique du Sud, je revenais donc en Biscaye, en plaine crise de la m\u00e9tallurgie lourde. Dans ces villes du Nord sous des ciels &hellip;\" \/>\n<meta property=\"og:url\" content=\"https:\/\/raphstylograph.rparejo.eu\/?page_id=445\" \/>\n<meta property=\"og:site_name\" content=\"L&#039;\u00e9critoire de Rapha\u00ebl\" \/>\n<meta property=\"article:modified_time\" content=\"2018-08-08T10:17:12+00:00\" \/>\n<meta property=\"og:image\" content=\"https:\/\/raphstylograph.rparejo.eu\/wp-content\/uploads\/2018\/08\/Altos-Hornos-de-Bizkaia-1200x630pxl-1-1024x538.png\" \/>\n<meta name=\"twitter:card\" content=\"summary_large_image\" \/>\n<meta name=\"twitter:label1\" content=\"Dur\u00e9e de lecture estim\u00e9e\" \/>\n\t<meta name=\"twitter:data1\" content=\"2 minutes\" \/>\n<script type=\"application\/ld+json\" class=\"yoast-schema-graph\">{\"@context\":\"https:\\\/\\\/schema.org\",\"@graph\":[{\"@type\":\"WebPage\",\"@id\":\"https:\\\/\\\/raphstylograph.rparejo.eu\\\/?page_id=445\",\"url\":\"https:\\\/\\\/raphstylograph.rparejo.eu\\\/?page_id=445\",\"name\":\"Ria de Bilbao - L&#039;\u00e9critoire de Rapha\u00ebl\",\"isPartOf\":{\"@id\":\"https:\\\/\\\/raphstylograph.rparejo.eu\\\/#website\"},\"primaryImageOfPage\":{\"@id\":\"https:\\\/\\\/raphstylograph.rparejo.eu\\\/?page_id=445#primaryimage\"},\"image\":{\"@id\":\"https:\\\/\\\/raphstylograph.rparejo.eu\\\/?page_id=445#primaryimage\"},\"thumbnailUrl\":\"https:\\\/\\\/raphstylograph.rparejo.eu\\\/wp-content\\\/uploads\\\/2018\\\/08\\\/Altos-Hornos-de-Bizkaia-1200x630pxl-1-1024x538.png\",\"datePublished\":\"2018-07-31T22:10:00+00:00\",\"dateModified\":\"2018-08-08T10:17:12+00:00\",\"breadcrumb\":{\"@id\":\"https:\\\/\\\/raphstylograph.rparejo.eu\\\/?page_id=445#breadcrumb\"},\"inLanguage\":\"fr-FR\",\"potentialAction\":[{\"@type\":\"ReadAction\",\"target\":[\"https:\\\/\\\/raphstylograph.rparejo.eu\\\/?page_id=445\"]}]},{\"@type\":\"ImageObject\",\"inLanguage\":\"fr-FR\",\"@id\":\"https:\\\/\\\/raphstylograph.rparejo.eu\\\/?page_id=445#primaryimage\",\"url\":\"https:\\\/\\\/raphstylograph.rparejo.eu\\\/wp-content\\\/uploads\\\/2018\\\/08\\\/Altos-Hornos-de-Bizkaia-1200x630pxl-1.png\",\"contentUrl\":\"https:\\\/\\\/raphstylograph.rparejo.eu\\\/wp-content\\\/uploads\\\/2018\\\/08\\\/Altos-Hornos-de-Bizkaia-1200x630pxl-1.png\",\"width\":1200,\"height\":630},{\"@type\":\"BreadcrumbList\",\"@id\":\"https:\\\/\\\/raphstylograph.rparejo.eu\\\/?page_id=445#breadcrumb\",\"itemListElement\":[{\"@type\":\"ListItem\",\"position\":1,\"name\":\"Accueil\",\"item\":\"https:\\\/\\\/raphstylograph.rparejo.eu\\\/\"},{\"@type\":\"ListItem\",\"position\":2,\"name\":\"Ria de Bilbao\"}]},{\"@type\":\"WebSite\",\"@id\":\"https:\\\/\\\/raphstylograph.rparejo.eu\\\/#website\",\"url\":\"https:\\\/\\\/raphstylograph.rparejo.eu\\\/\",\"name\":\"L&#039;\u00e9critoire de Rapha\u00ebl\",\"description\":\"Penser sans \u00e9crire, c&#039;est comme parler sans r\u00e9fl\u00e9chir\",\"potentialAction\":[{\"@type\":\"SearchAction\",\"target\":{\"@type\":\"EntryPoint\",\"urlTemplate\":\"https:\\\/\\\/raphstylograph.rparejo.eu\\\/?s={search_term_string}\"},\"query-input\":{\"@type\":\"PropertyValueSpecification\",\"valueRequired\":true,\"valueName\":\"search_term_string\"}}],\"inLanguage\":\"fr-FR\"}]}<\/script>\n<!-- \/ Yoast SEO plugin. -->","yoast_head_json":{"title":"Ria de Bilbao - L&#039;\u00e9critoire de Rapha\u00ebl","robots":{"index":"index","follow":"follow","max-snippet":"max-snippet:-1","max-image-preview":"max-image-preview:large","max-video-preview":"max-video-preview:-1"},"canonical":"https:\/\/raphstylograph.rparejo.eu\/?page_id=445","og_locale":"fr_FR","og_type":"article","og_title":"Ria de Bilbao - L&#039;\u00e9critoire de Rapha\u00ebl","og_description":"Altos Hornos de Bizkaia Ria de Bilbao Ce texte en prose a \u00e9t\u00e9 \u00e9crit lors d&rsquo;une de mes premiers retours en Biscaye, pays de la jeunesse de mon p\u00e8re, apr\u00e8s de longues ann\u00e9es d&rsquo;absence. Apr\u00e8s plus de dix ann\u00e9es pass\u00e9es \u00e0 voyager pour mes travaux d&rsquo;ethnomusicologue en Am\u00e9rique du Sud, je revenais donc en Biscaye, en plaine crise de la m\u00e9tallurgie lourde. Dans ces villes du Nord sous des ciels &hellip;","og_url":"https:\/\/raphstylograph.rparejo.eu\/?page_id=445","og_site_name":"L&#039;\u00e9critoire de Rapha\u00ebl","article_modified_time":"2018-08-08T10:17:12+00:00","og_image":[{"url":"https:\/\/raphstylograph.rparejo.eu\/wp-content\/uploads\/2018\/08\/Altos-Hornos-de-Bizkaia-1200x630pxl-1-1024x538.png","type":"","width":"","height":""}],"twitter_card":"summary_large_image","twitter_misc":{"Dur\u00e9e de lecture estim\u00e9e":"2 minutes"},"schema":{"@context":"https:\/\/schema.org","@graph":[{"@type":"WebPage","@id":"https:\/\/raphstylograph.rparejo.eu\/?page_id=445","url":"https:\/\/raphstylograph.rparejo.eu\/?page_id=445","name":"Ria de Bilbao - L&#039;\u00e9critoire de Rapha\u00ebl","isPartOf":{"@id":"https:\/\/raphstylograph.rparejo.eu\/#website"},"primaryImageOfPage":{"@id":"https:\/\/raphstylograph.rparejo.eu\/?page_id=445#primaryimage"},"image":{"@id":"https:\/\/raphstylograph.rparejo.eu\/?page_id=445#primaryimage"},"thumbnailUrl":"https:\/\/raphstylograph.rparejo.eu\/wp-content\/uploads\/2018\/08\/Altos-Hornos-de-Bizkaia-1200x630pxl-1-1024x538.png","datePublished":"2018-07-31T22:10:00+00:00","dateModified":"2018-08-08T10:17:12+00:00","breadcrumb":{"@id":"https:\/\/raphstylograph.rparejo.eu\/?page_id=445#breadcrumb"},"inLanguage":"fr-FR","potentialAction":[{"@type":"ReadAction","target":["https:\/\/raphstylograph.rparejo.eu\/?page_id=445"]}]},{"@type":"ImageObject","inLanguage":"fr-FR","@id":"https:\/\/raphstylograph.rparejo.eu\/?page_id=445#primaryimage","url":"https:\/\/raphstylograph.rparejo.eu\/wp-content\/uploads\/2018\/08\/Altos-Hornos-de-Bizkaia-1200x630pxl-1.png","contentUrl":"https:\/\/raphstylograph.rparejo.eu\/wp-content\/uploads\/2018\/08\/Altos-Hornos-de-Bizkaia-1200x630pxl-1.png","width":1200,"height":630},{"@type":"BreadcrumbList","@id":"https:\/\/raphstylograph.rparejo.eu\/?page_id=445#breadcrumb","itemListElement":[{"@type":"ListItem","position":1,"name":"Accueil","item":"https:\/\/raphstylograph.rparejo.eu\/"},{"@type":"ListItem","position":2,"name":"Ria de Bilbao"}]},{"@type":"WebSite","@id":"https:\/\/raphstylograph.rparejo.eu\/#website","url":"https:\/\/raphstylograph.rparejo.eu\/","name":"L&#039;\u00e9critoire de Rapha\u00ebl","description":"Penser sans \u00e9crire, c&#039;est comme parler sans r\u00e9fl\u00e9chir","potentialAction":[{"@type":"SearchAction","target":{"@type":"EntryPoint","urlTemplate":"https:\/\/raphstylograph.rparejo.eu\/?s={search_term_string}"},"query-input":{"@type":"PropertyValueSpecification","valueRequired":true,"valueName":"search_term_string"}}],"inLanguage":"fr-FR"}]}},"_links":{"self":[{"href":"https:\/\/raphstylograph.rparejo.eu\/index.php?rest_route=\/wp\/v2\/pages\/445","targetHints":{"allow":["GET"]}}],"collection":[{"href":"https:\/\/raphstylograph.rparejo.eu\/index.php?rest_route=\/wp\/v2\/pages"}],"about":[{"href":"https:\/\/raphstylograph.rparejo.eu\/index.php?rest_route=\/wp\/v2\/types\/page"}],"author":[{"embeddable":true,"href":"https:\/\/raphstylograph.rparejo.eu\/index.php?rest_route=\/wp\/v2\/users\/1"}],"replies":[{"embeddable":true,"href":"https:\/\/raphstylograph.rparejo.eu\/index.php?rest_route=%2Fwp%2Fv2%2Fcomments&post=445"}],"version-history":[{"count":8,"href":"https:\/\/raphstylograph.rparejo.eu\/index.php?rest_route=\/wp\/v2\/pages\/445\/revisions"}],"predecessor-version":[{"id":473,"href":"https:\/\/raphstylograph.rparejo.eu\/index.php?rest_route=\/wp\/v2\/pages\/445\/revisions\/473"}],"wp:attachment":[{"href":"https:\/\/raphstylograph.rparejo.eu\/index.php?rest_route=%2Fwp%2Fv2%2Fmedia&parent=445"}],"curies":[{"name":"wp","href":"https:\/\/api.w.org\/{rel}","templated":true}]}}